{"id":1970,"date":"2021-07-31T13:49:57","date_gmt":"2021-07-31T16:49:57","guid":{"rendered":"https:\/\/midiapoparte.com.br\/loja\/?page_id=1970"},"modified":"2021-07-31T13:58:30","modified_gmt":"2021-07-31T16:58:30","slug":"adesivo-decorativo","status":"publish","type":"page","link":"https:\/\/midiapoparte.com.br\/loja\/adesivo-decorativo\/","title":{"rendered":"Adesivo Decorativo"},"content":{"rendered":"\t\t<div data-elementor-type=\"wp-page\" data-elementor-id=\"1970\" class=\"elementor elementor-1970\" data-elementor-post-type=\"page\">\n\t\t\t\t\t\t<section class=\"elementor-section elementor-top-section elementor-element elementor-element-4bf7d55 elementor-section-boxed elementor-section-height-default elementor-section-height-default\" data-id=\"4bf7d55\" data-element_type=\"section\" data-e-type=\"section\">\n\t\t\t\t\t\t<div class=\"elementor-container elementor-column-gap-default\">\n\t\t\t\t\t<div class=\"elementor-column elementor-col-100 elementor-top-column elementor-element elementor-element-b61afa3\" data-id=\"b61afa3\" data-element_type=\"column\" data-e-type=\"column\">\n\t\t\t<div class=\"elementor-widget-wrap elementor-element-populated\">\n\t\t\t\t\t\t<div class=\"elementor-element elementor-element-a939f9f elementor-widget elementor-widget-spacer\" data-id=\"a939f9f\" data-element_type=\"widget\" data-e-type=\"widget\" data-widget_type=\"spacer.default\">\n\t\t\t\t<div class=\"elementor-widget-container\">\n\t\t\t\t\t\t\t<div class=\"elementor-spacer\">\n\t\t\t<div class=\"elementor-spacer-inner\"><\/div>\n\t\t<\/div>\n\t\t\t\t\t\t<\/div>\n\t\t\t\t<\/div>\n\t\t\t\t<div class=\"elementor-element elementor-element-f32b345 elementor-widget elementor-widget-heading\" data-id=\"f32b345\" data-element_type=\"widget\" data-e-type=\"widget\" data-widget_type=\"heading.default\">\n\t\t\t\t<div class=\"elementor-widget-container\">\n\t\t\t\t\t<h1 class=\"elementor-heading-title elementor-size-default\">Adesivo Decorativo<\/h1>\t\t\t\t<\/div>\n\t\t\t\t<\/div>\n\t\t\t\t<div class=\"elementor-element elementor-element-158c30e elementor-widget elementor-widget-text-editor\" data-id=\"158c30e\" data-element_type=\"widget\" data-e-type=\"widget\" data-widget_type=\"text-editor.default\">\n\t\t\t\t<div class=\"elementor-widget-container\">\n\t\t\t\t\t\t\t\t\t<p><span style=\"font-weight: 400;\">Adesivos decorativos \u00e9 uma excelente op\u00e7\u00e3o de decora\u00e7\u00e3o que pode transformar qualquer ambiente de forma simples onde voc\u00ea mesmo pode fazer.<\/span><\/p><p><span style=\"font-weight: 400;\">Os adesivos decorativos MidiaPopArte s\u00e3o confeccionados a partir de uma impress\u00e3o em vinil de alta performance com recorte eletr\u00f4nico no formato do desenho ou imagem.<\/span><\/p><p>\u00a0<\/p><p><span style=\"font-weight: 400;\">Os adesivos decorativos acompanham em sua maioria, uma m\u00e1scara de transfer\u00eancia que facilita a sua aplica\u00e7\u00e3o em paredes, metais ou qualquer superf\u00edcie lisa e aderente ao adesivo.<\/span><\/p><p>\u00a0<\/p><p><span style=\"font-weight: 400;\">Em nosso cat\u00e1logo, contamos com uma linha enorme de op\u00e7\u00f5es, temas e tamanhos para voc\u00ea decorar de forma simples e muito elegante qualquer ambiente.<\/span><\/p>\t\t\t\t\t\t\t\t<\/div>\n\t\t\t\t<\/div>\n\t\t\t\t\t<\/div>\n\t\t<\/div>\n\t\t\t\t\t<\/div>\n\t\t<\/section>\n\t\t\t\t<section class=\"elementor-section elementor-top-section elementor-element elementor-element-7e87e35 elementor-section-boxed elementor-section-height-default elementor-section-height-default\" data-id=\"7e87e35\" data-element_type=\"section\" data-e-type=\"section\">\n\t\t\t\t\t\t<div class=\"elementor-container elementor-column-gap-default\">\n\t\t\t\t\t<div class=\"elementor-column elementor-col-100 elementor-top-column elementor-element elementor-element-f09e76e\" data-id=\"f09e76e\" data-element_type=\"column\" data-e-type=\"column\">\n\t\t\t<div class=\"elementor-widget-wrap elementor-element-populated\">\n\t\t\t\t\t\t<div class=\"elementor-element elementor-element-c64f456 elementor-widget elementor-widget-heading\" data-id=\"c64f456\" data-element_type=\"widget\" data-e-type=\"widget\" data-widget_type=\"heading.default\">\n\t\t\t\t<div class=\"elementor-widget-container\">\n\t\t\t\t\t<h1 class=\"elementor-heading-title elementor-size-default\">Como aplicar o adesivo decorativo<\/h1>\t\t\t\t<\/div>\n\t\t\t\t<\/div>\n\t\t\t\t<div class=\"elementor-element elementor-element-77f63f7 elementor-widget elementor-widget-text-editor\" data-id=\"77f63f7\" data-element_type=\"widget\" data-e-type=\"widget\" data-widget_type=\"text-editor.default\">\n\t\t\t\t<div class=\"elementor-widget-container\">\n\t\t\t\t\t\t\t\t\t<p><span style=\"font-weight: 400;\">A aplica\u00e7\u00e3o do adesivo decorativo da MidiaPopArte \u00e9 muito f\u00e1cil e voc\u00ea mesmo pode fazer sem a ajuda de um profissional. Os adesivos decorativos acompanha uma m\u00e1scara de transfer\u00eancia que ajuda na aplica\u00e7\u00e3o de maneira simples, f\u00e1cil e r\u00e1pida<\/span><\/p>\t\t\t\t\t\t\t\t<\/div>\n\t\t\t\t<\/div>\n\t\t\t\t\t<\/div>\n\t\t<\/div>\n\t\t\t\t\t<\/div>\n\t\t<\/section>\n\t\t\t\t<section class=\"elementor-section elementor-top-section elementor-element elementor-element-39110c1 elementor-section-boxed elementor-section-height-default elementor-section-height-default\" data-id=\"39110c1\" data-element_type=\"section\" data-e-type=\"section\">\n\t\t\t\t\t\t<div class=\"elementor-container elementor-column-gap-default\">\n\t\t\t\t\t<div class=\"elementor-column elementor-col-100 elementor-top-column elementor-element elementor-element-ebc4be7\" data-id=\"ebc4be7\" data-element_type=\"column\" data-e-type=\"column\">\n\t\t\t<div class=\"elementor-widget-wrap elementor-element-populated\">\n\t\t\t\t\t\t<div class=\"elementor-element elementor-element-32cdb50 elementor-widget elementor-widget-heading\" data-id=\"32cdb50\" data-element_type=\"widget\" data-e-type=\"widget\" data-widget_type=\"heading.default\">\n\t\t\t\t<div class=\"elementor-widget-container\">\n\t\t\t\t\t<h1 class=\"elementor-heading-title elementor-size-default\">Onde posso aplicar o adesivo decorativo?<\/h1>\t\t\t\t<\/div>\n\t\t\t\t<\/div>\n\t\t\t\t<div class=\"elementor-element elementor-element-3c93122 elementor-widget elementor-widget-text-editor\" data-id=\"3c93122\" data-element_type=\"widget\" data-e-type=\"widget\" data-widget_type=\"text-editor.default\">\n\t\t\t\t<div class=\"elementor-widget-container\">\n\t\t\t\t\t\t\t\t\t<p><span style=\"font-weight: 400;\">O adesivo decorativo pode ser aplicado em qualquer superf\u00edcie lisa sem irregularidades, texturas, poeiras e sem sinais de umidade. A nossa linha de adesivos decorativos possuem muita qualidade e garantem durabilidade desde que aplicados da maneira correta como orientamos.<\/span><\/p>\t\t\t\t\t\t\t\t<\/div>\n\t\t\t\t<\/div>\n\t\t\t\t<div class=\"elementor-element elementor-element-d42391e elementor-widget elementor-widget-spacer\" data-id=\"d42391e\" data-element_type=\"widget\" data-e-type=\"widget\" data-widget_type=\"spacer.default\">\n\t\t\t\t<div class=\"elementor-widget-container\">\n\t\t\t\t\t\t\t<div class=\"elementor-spacer\">\n\t\t\t<div class=\"elementor-spacer-inner\"><\/div>\n\t\t<\/div>\n\t\t\t\t\t\t<\/div>\n\t\t\t\t<\/div>\n\t\t\t\t\t<\/div>\n\t\t<\/div>\n\t\t\t\t\t<\/div>\n\t\t<\/section>\n\t\t\t\t<\/div>\n\t\t","protected":false},"excerpt":{"rendered":"<p>Adesivo Decorativo Adesivos decorativos \u00e9 uma excelente op\u00e7\u00e3o de decora\u00e7\u00e3o que pode transformar qualquer ambiente de forma simples onde voc\u00ea mesmo pode fazer. Os adesivos decorativos MidiaPopArte s\u00e3o confeccionados a partir de uma impress\u00e3o em vinil de alta performance com recorte eletr\u00f4nico no formato do desenho ou imagem. \u00a0 Os adesivos decorativos acompanham em sua [&hellip;]<\/p>\n","protected":false},"author":1,"featured_media":0,"parent":0,"menu_order":0,"comment_status":"closed","ping_status":"closed","template":"elementor_header_footer","meta":{"footnotes":""},"class_list":["post-1970","page","type-page","status-publish","hentry"],"yoast_head":"<!-- This site is optimized with the Yoast SEO Premium plugin v25.6 (Yoast SEO v27.0) - https:\/\/yoast.com\/product\/yoast-seo-premium-wordpress\/ -->\n<title>Adesivo Decorativo - MIDIAPOPARTE<\/title>\n<meta name=\"robots\" content=\"index, follow, max-snippet:-1, max-image-preview:large, max-video-preview:-1\" \/>\n<link rel=\"canonical\" href=\"https:\/\/midiapoparte.com.br\/loja\/adesivo-decorativo\/\" \/>\n<meta property=\"og:locale\" content=\"pt_BR\" \/>\n<meta property=\"og:type\" content=\"article\" \/>\n<meta property=\"og:title\" content=\"Adesivo Decorativo\" \/>\n<meta property=\"og:description\" content=\"Adesivo Decorativo Adesivos decorativos \u00e9 uma excelente op\u00e7\u00e3o de decora\u00e7\u00e3o que pode transformar qualquer ambiente de forma simples onde voc\u00ea mesmo pode fazer. Os adesivos decorativos MidiaPopArte s\u00e3o confeccionados a partir de uma impress\u00e3o em vinil de alta performance com recorte eletr\u00f4nico no formato do desenho ou imagem. \u00a0 Os adesivos decorativos acompanham em sua [&hellip;]\" \/>\n<meta property=\"og:url\" content=\"https:\/\/midiapoparte.com.br\/loja\/adesivo-decorativo\/\" \/>\n<meta property=\"og:site_name\" content=\"MIDIAPOPARTE\" \/>\n<meta property=\"article:publisher\" content=\"https:\/\/www.facebook.com\/midiaprintnet\" \/>\n<meta property=\"article:modified_time\" content=\"2021-07-31T16:58:30+00:00\" \/>\n<meta name=\"twitter:card\" content=\"summary_large_image\" \/>\n<meta name=\"twitter:label1\" content=\"Est. tempo de leitura\" \/>\n\t<meta name=\"twitter:data1\" content=\"1 minuto\" \/>\n<script type=\"application\/ld+json\" class=\"yoast-schema-graph\">{\"@context\":\"https:\/\/schema.org\",\"@graph\":[{\"@type\":\"WebPage\",\"@id\":\"https:\/\/midiapoparte.com.br\/loja\/adesivo-decorativo\/\",\"url\":\"https:\/\/midiapoparte.com.br\/loja\/adesivo-decorativo\/\",\"name\":\"Adesivo Decorativo - MIDIAPOPARTE\",\"isPartOf\":{\"@id\":\"https:\/\/midiapoparte.com.br\/loja\/#website\"},\"datePublished\":\"2021-07-31T16:49:57+00:00\",\"dateModified\":\"2021-07-31T16:58:30+00:00\",\"breadcrumb\":{\"@id\":\"https:\/\/midiapoparte.com.br\/loja\/adesivo-decorativo\/#breadcrumb\"},\"inLanguage\":\"pt-BR\",\"potentialAction\":[{\"@type\":\"ReadAction\",\"target\":[\"https:\/\/midiapoparte.com.br\/loja\/adesivo-decorativo\/\"]}]},{\"@type\":\"BreadcrumbList\",\"@id\":\"https:\/\/midiapoparte.com.br\/loja\/adesivo-decorativo\/#breadcrumb\",\"itemListElement\":[{\"@type\":\"ListItem\",\"position\":1,\"name\":\"Home\",\"item\":\"https:\/\/midiapoparte.com.br\/loja\/\"},{\"@type\":\"ListItem\",\"position\":2,\"name\":\"Adesivo Decorativo\"}]},{\"@type\":\"WebSite\",\"@id\":\"https:\/\/midiapoparte.com.br\/loja\/#website\",\"url\":\"https:\/\/midiapoparte.com.br\/loja\/\",\"name\":\"MIDIAPOPARTE\",\"description\":\"Loja Online de Quadros Decorativos Exclusivos\",\"publisher\":{\"@id\":\"https:\/\/midiapoparte.com.br\/loja\/#organization\"},\"potentialAction\":[{\"@type\":\"SearchAction\",\"target\":{\"@type\":\"EntryPoint\",\"urlTemplate\":\"https:\/\/midiapoparte.com.br\/loja\/?s={search_term_string}\"},\"query-input\":{\"@type\":\"PropertyValueSpecification\",\"valueRequired\":true,\"valueName\":\"search_term_string\"}}],\"inLanguage\":\"pt-BR\"},{\"@type\":\"Organization\",\"@id\":\"https:\/\/midiapoparte.com.br\/loja\/#organization\",\"name\":\"MidiaPopArte - Loja online de quadros decorativos exclusivos\",\"url\":\"https:\/\/midiapoparte.com.br\/loja\/\",\"logo\":{\"@type\":\"ImageObject\",\"inLanguage\":\"pt-BR\",\"@id\":\"https:\/\/midiapoparte.com.br\/loja\/#\/schema\/logo\/image\/\",\"url\":\"https:\/\/midiapoparte.com.br\/loja\/wp-content\/uploads\/2021\/07\/logotipo-midiapoparte-novo-1.png\",\"contentUrl\":\"https:\/\/midiapoparte.com.br\/loja\/wp-content\/uploads\/2021\/07\/logotipo-midiapoparte-novo-1.png\",\"width\":200,\"height\":33,\"caption\":\"MidiaPopArte - Loja online de quadros decorativos exclusivos\"},\"image\":{\"@id\":\"https:\/\/midiapoparte.com.br\/loja\/#\/schema\/logo\/image\/\"},\"sameAs\":[\"https:\/\/www.facebook.com\/midiaprintnet\"]}]}<\/script>\n<!-- \/ Yoast SEO Premium plugin. -->","yoast_head_json":{"title":"Adesivo Decorativo - MIDIAPOPARTE","robots":{"index":"index","follow":"follow","max-snippet":"max-snippet:-1","max-image-preview":"max-image-preview:large","max-video-preview":"max-video-preview:-1"},"canonical":"https:\/\/midiapoparte.com.br\/loja\/adesivo-decorativo\/","og_locale":"pt_BR","og_type":"article","og_title":"Adesivo Decorativo","og_description":"Adesivo Decorativo Adesivos decorativos \u00e9 uma excelente op\u00e7\u00e3o de decora\u00e7\u00e3o que pode transformar qualquer ambiente de forma simples onde voc\u00ea mesmo pode fazer. Os adesivos decorativos MidiaPopArte s\u00e3o confeccionados a partir de uma impress\u00e3o em vinil de alta performance com recorte eletr\u00f4nico no formato do desenho ou imagem. \u00a0 Os adesivos decorativos acompanham em sua [&hellip;]","og_url":"https:\/\/midiapoparte.com.br\/loja\/adesivo-decorativo\/","og_site_name":"MIDIAPOPARTE","article_publisher":"https:\/\/www.facebook.com\/midiaprintnet","article_modified_time":"2021-07-31T16:58:30+00:00","twitter_card":"summary_large_image","twitter_misc":{"Est. tempo de leitura":"1 minuto"},"schema":{"@context":"https:\/\/schema.org","@graph":[{"@type":"WebPage","@id":"https:\/\/midiapoparte.com.br\/loja\/adesivo-decorativo\/","url":"https:\/\/midiapoparte.com.br\/loja\/adesivo-decorativo\/","name":"Adesivo Decorativo - MIDIAPOPARTE","isPartOf":{"@id":"https:\/\/midiapoparte.com.br\/loja\/#website"},"datePublished":"2021-07-31T16:49:57+00:00","dateModified":"2021-07-31T16:58:30+00:00","breadcrumb":{"@id":"https:\/\/midiapoparte.com.br\/loja\/adesivo-decorativo\/#breadcrumb"},"inLanguage":"pt-BR","potentialAction":[{"@type":"ReadAction","target":["https:\/\/midiapoparte.com.br\/loja\/adesivo-decorativo\/"]}]},{"@type":"BreadcrumbList","@id":"https:\/\/midiapoparte.com.br\/loja\/adesivo-decorativo\/#breadcrumb","itemListElement":[{"@type":"ListItem","position":1,"name":"Home","item":"https:\/\/midiapoparte.com.br\/loja\/"},{"@type":"ListItem","position":2,"name":"Adesivo Decorativo"}]},{"@type":"WebSite","@id":"https:\/\/midiapoparte.com.br\/loja\/#website","url":"https:\/\/midiapoparte.com.br\/loja\/","name":"MIDIAPOPARTE","description":"Loja Online de Quadros Decorativos Exclusivos","publisher":{"@id":"https:\/\/midiapoparte.com.br\/loja\/#organization"},"potentialAction":[{"@type":"SearchAction","target":{"@type":"EntryPoint","urlTemplate":"https:\/\/midiapoparte.com.br\/loja\/?s={search_term_string}"},"query-input":{"@type":"PropertyValueSpecification","valueRequired":true,"valueName":"search_term_string"}}],"inLanguage":"pt-BR"},{"@type":"Organization","@id":"https:\/\/midiapoparte.com.br\/loja\/#organization","name":"MidiaPopArte - Loja online de quadros decorativos exclusivos","url":"https:\/\/midiapoparte.com.br\/loja\/","logo":{"@type":"ImageObject","inLanguage":"pt-BR","@id":"https:\/\/midiapoparte.com.br\/loja\/#\/schema\/logo\/image\/","url":"https:\/\/midiapoparte.com.br\/loja\/wp-content\/uploads\/2021\/07\/logotipo-midiapoparte-novo-1.png","contentUrl":"https:\/\/midiapoparte.com.br\/loja\/wp-content\/uploads\/2021\/07\/logotipo-midiapoparte-novo-1.png","width":200,"height":33,"caption":"MidiaPopArte - Loja online de quadros decorativos exclusivos"},"image":{"@id":"https:\/\/midiapoparte.com.br\/loja\/#\/schema\/logo\/image\/"},"sameAs":["https:\/\/www.facebook.com\/midiaprintnet"]}]}},"_links":{"self":[{"href":"https:\/\/midiapoparte.com.br\/loja\/wp-json\/wp\/v2\/pages\/1970","targetHints":{"allow":["GET"]}}],"collection":[{"href":"https:\/\/midiapoparte.com.br\/loja\/wp-json\/wp\/v2\/pages"}],"about":[{"href":"https:\/\/midiapoparte.com.br\/loja\/wp-json\/wp\/v2\/types\/page"}],"author":[{"embeddable":true,"href":"https:\/\/midiapoparte.com.br\/loja\/wp-json\/wp\/v2\/users\/1"}],"replies":[{"embeddable":true,"href":"https:\/\/midiapoparte.com.br\/loja\/wp-json\/wp\/v2\/comments?post=1970"}],"version-history":[{"count":10,"href":"https:\/\/midiapoparte.com.br\/loja\/wp-json\/wp\/v2\/pages\/1970\/revisions"}],"predecessor-version":[{"id":1980,"href":"https:\/\/midiapoparte.com.br\/loja\/wp-json\/wp\/v2\/pages\/1970\/revisions\/1980"}],"wp:attachment":[{"href":"https:\/\/midiapoparte.com.br\/loja\/wp-json\/wp\/v2\/media?parent=1970"}],"curies":[{"name":"wp","href":"https:\/\/api.w.org\/{rel}","templated":true}]}}