{"id":2016,"date":"2021-07-31T16:18:03","date_gmt":"2021-07-31T19:18:03","guid":{"rendered":"https:\/\/midiapoparte.com.br\/loja\/?page_id=2016"},"modified":"2021-07-31T16:27:07","modified_gmt":"2021-07-31T19:27:07","slug":"politica-de-entrega","status":"publish","type":"page","link":"https:\/\/midiapoparte.com.br\/loja\/politica-de-entrega\/","title":{"rendered":"Pol\u00edtica de Entrega"},"content":{"rendered":"\t\t<div data-elementor-type=\"wp-page\" data-elementor-id=\"2016\" class=\"elementor elementor-2016\" data-elementor-post-type=\"page\">\n\t\t\t\t\t\t<section class=\"elementor-section elementor-top-section elementor-element elementor-element-b07f060 elementor-section-boxed elementor-section-height-default elementor-section-height-default\" data-id=\"b07f060\" data-element_type=\"section\" data-e-type=\"section\">\n\t\t\t\t\t\t<div class=\"elementor-container elementor-column-gap-default\">\n\t\t\t\t\t<div class=\"elementor-column elementor-col-100 elementor-top-column elementor-element elementor-element-41e3800\" data-id=\"41e3800\" data-element_type=\"column\" data-e-type=\"column\">\n\t\t\t<div class=\"elementor-widget-wrap elementor-element-populated\">\n\t\t\t\t\t\t<div class=\"elementor-element elementor-element-e8650d6 elementor-widget elementor-widget-spacer\" data-id=\"e8650d6\" data-element_type=\"widget\" data-e-type=\"widget\" data-widget_type=\"spacer.default\">\n\t\t\t\t<div class=\"elementor-widget-container\">\n\t\t\t\t\t\t\t<div class=\"elementor-spacer\">\n\t\t\t<div class=\"elementor-spacer-inner\"><\/div>\n\t\t<\/div>\n\t\t\t\t\t\t<\/div>\n\t\t\t\t<\/div>\n\t\t\t\t\t<\/div>\n\t\t<\/div>\n\t\t\t\t\t<\/div>\n\t\t<\/section>\n\t\t\t\t<section class=\"elementor-section elementor-top-section elementor-element elementor-element-fd60c66 elementor-section-boxed elementor-section-height-default elementor-section-height-default\" data-id=\"fd60c66\" data-element_type=\"section\" data-e-type=\"section\">\n\t\t\t\t\t\t<div class=\"elementor-container elementor-column-gap-default\">\n\t\t\t\t\t<div class=\"elementor-column elementor-col-100 elementor-top-column elementor-element elementor-element-75b04f6\" data-id=\"75b04f6\" data-element_type=\"column\" data-e-type=\"column\">\n\t\t\t<div class=\"elementor-widget-wrap elementor-element-populated\">\n\t\t\t\t\t\t<div class=\"elementor-element elementor-element-a17838d elementor-widget elementor-widget-heading\" data-id=\"a17838d\" data-element_type=\"widget\" data-e-type=\"widget\" data-widget_type=\"heading.default\">\n\t\t\t\t<div class=\"elementor-widget-container\">\n\t\t\t\t\t<h1 class=\"elementor-heading-title elementor-size-default\">Pol\u00edtica de Entrega<\/h1>\t\t\t\t<\/div>\n\t\t\t\t<\/div>\n\t\t\t\t<div class=\"elementor-element elementor-element-9cf0f70 elementor-widget elementor-widget-text-editor\" data-id=\"9cf0f70\" data-element_type=\"widget\" data-e-type=\"widget\" data-widget_type=\"text-editor.default\">\n\t\t\t\t<div class=\"elementor-widget-container\">\n\t\t\t\t\t\t\t\t\t<p class=\"p1\">A MidiaPopArte conta com v\u00e1rias op\u00e7\u00f5es de entrega para atender todas as regi\u00f5es do Brasil com o melhor custo x benef\u00edcio. Estamos sempre atualizando nosso parceiro log\u00edstico para oferecer a melhor op\u00e7\u00e3o de transporte para nossos clientes.<\/p>\t\t\t\t\t\t\t\t<\/div>\n\t\t\t\t<\/div>\n\t\t\t\t<div class=\"elementor-element elementor-element-04dddbd elementor-widget elementor-widget-heading\" data-id=\"04dddbd\" data-element_type=\"widget\" data-e-type=\"widget\" data-widget_type=\"heading.default\">\n\t\t\t\t<div class=\"elementor-widget-container\">\n\t\t\t\t\t<h2 class=\"elementor-heading-title elementor-size-default\">Trocas e Devolu\u00e7\u00f5es<\/h2>\t\t\t\t<\/div>\n\t\t\t\t<\/div>\n\t\t\t\t<div class=\"elementor-element elementor-element-c57cb76 elementor-widget elementor-widget-text-editor\" data-id=\"c57cb76\" data-element_type=\"widget\" data-e-type=\"widget\" data-widget_type=\"text-editor.default\">\n\t\t\t\t<div class=\"elementor-widget-container\">\n\t\t\t\t\t\t\t\t\t<p class=\"p1\">A MidiaPopArte faz de tudo para que voc\u00ea receba o produto em conformidade com o pretendido em nossa loja. Todavia, durante o processo pode ocorrer alguma avaria no processo log\u00edstico ou algum outro imprevisto. Nestes casos, o cliente poder\u00e1 solicitar a troca ou a devolu\u00e7\u00e3o do produto.<\/p><p class=\"p1\">Importante salientar que a manifesta\u00e7\u00e3o deve ser feita dentro do prazo de 7 dias corridos contados a partir da data de recebimento do produto conforme C\u00f3digo do Consumidor. Basta apenas enviar os dados completos: CPF, Nome completo, n\u00famero do pedido, fotos do produto e o motivo.<\/p><p class=\"p1\">Em caso de devolu\u00e7\u00e3o, o produto deve ser embalado da mesma forma que foi recebido para garantir a integridade do mesmo durante o processo log\u00edstico reverso.<\/p><p class=\"p1\">A devolu\u00e7\u00e3o do valor integral \u00e9 realizada ap\u00f3s recebermos o produtos e constatarmos que o mesmo poder\u00e1 voltar a nossa prateleira.<\/p>\t\t\t\t\t\t\t\t<\/div>\n\t\t\t\t<\/div>\n\t\t\t\t\t<\/div>\n\t\t<\/div>\n\t\t\t\t\t<\/div>\n\t\t<\/section>\n\t\t\t\t<\/div>\n\t\t","protected":false},"excerpt":{"rendered":"<p>Pol\u00edtica de Entrega A MidiaPopArte conta com v\u00e1rias op\u00e7\u00f5es de entrega para atender todas as regi\u00f5es do Brasil com o melhor custo x benef\u00edcio. Estamos sempre atualizando nosso parceiro log\u00edstico para oferecer a melhor op\u00e7\u00e3o de transporte para nossos clientes. Trocas e Devolu\u00e7\u00f5es A MidiaPopArte faz de tudo para que voc\u00ea receba o produto em [&hellip;]<\/p>\n","protected":false},"author":1,"featured_media":0,"parent":0,"menu_order":0,"comment_status":"closed","ping_status":"closed","template":"elementor_header_footer","meta":{"footnotes":""},"class_list":["post-2016","page","type-page","status-publish","hentry"],"yoast_head":"<!-- This site is optimized with the Yoast SEO Premium plugin v25.6 (Yoast SEO v27.0) - https:\/\/yoast.com\/product\/yoast-seo-premium-wordpress\/ -->\n<title>Pol\u00edtica de Entrega - MIDIAPOPARTE<\/title>\n<meta name=\"robots\" content=\"index, follow, max-snippet:-1, max-image-preview:large, max-video-preview:-1\" \/>\n<link rel=\"canonical\" href=\"https:\/\/midiapoparte.com.br\/loja\/politica-de-entrega\/\" \/>\n<meta property=\"og:locale\" content=\"pt_BR\" \/>\n<meta property=\"og:type\" content=\"article\" \/>\n<meta property=\"og:title\" content=\"Pol\u00edtica de Entrega\" \/>\n<meta property=\"og:description\" content=\"Pol\u00edtica de Entrega A MidiaPopArte conta com v\u00e1rias op\u00e7\u00f5es de entrega para atender todas as regi\u00f5es do Brasil com o melhor custo x benef\u00edcio. Estamos sempre atualizando nosso parceiro log\u00edstico para oferecer a melhor op\u00e7\u00e3o de transporte para nossos clientes. Trocas e Devolu\u00e7\u00f5es A MidiaPopArte faz de tudo para que voc\u00ea receba o produto em [&hellip;]\" \/>\n<meta property=\"og:url\" content=\"https:\/\/midiapoparte.com.br\/loja\/politica-de-entrega\/\" \/>\n<meta property=\"og:site_name\" content=\"MIDIAPOPARTE\" \/>\n<meta property=\"article:publisher\" content=\"https:\/\/www.facebook.com\/midiaprintnet\" \/>\n<meta property=\"article:modified_time\" content=\"2021-07-31T19:27:07+00:00\" \/>\n<meta name=\"twitter:card\" content=\"summary_large_image\" \/>\n<meta name=\"twitter:label1\" content=\"Est. tempo de leitura\" \/>\n\t<meta name=\"twitter:data1\" content=\"1 minuto\" \/>\n<script type=\"application\/ld+json\" class=\"yoast-schema-graph\">{\"@context\":\"https:\/\/schema.org\",\"@graph\":[{\"@type\":\"WebPage\",\"@id\":\"https:\/\/midiapoparte.com.br\/loja\/politica-de-entrega\/\",\"url\":\"https:\/\/midiapoparte.com.br\/loja\/politica-de-entrega\/\",\"name\":\"Pol\u00edtica de Entrega - MIDIAPOPARTE\",\"isPartOf\":{\"@id\":\"https:\/\/midiapoparte.com.br\/loja\/#website\"},\"datePublished\":\"2021-07-31T19:18:03+00:00\",\"dateModified\":\"2021-07-31T19:27:07+00:00\",\"breadcrumb\":{\"@id\":\"https:\/\/midiapoparte.com.br\/loja\/politica-de-entrega\/#breadcrumb\"},\"inLanguage\":\"pt-BR\",\"potentialAction\":[{\"@type\":\"ReadAction\",\"target\":[\"https:\/\/midiapoparte.com.br\/loja\/politica-de-entrega\/\"]}]},{\"@type\":\"BreadcrumbList\",\"@id\":\"https:\/\/midiapoparte.com.br\/loja\/politica-de-entrega\/#breadcrumb\",\"itemListElement\":[{\"@type\":\"ListItem\",\"position\":1,\"name\":\"Home\",\"item\":\"https:\/\/midiapoparte.com.br\/loja\/\"},{\"@type\":\"ListItem\",\"position\":2,\"name\":\"Pol\u00edtica de Entrega\"}]},{\"@type\":\"WebSite\",\"@id\":\"https:\/\/midiapoparte.com.br\/loja\/#website\",\"url\":\"https:\/\/midiapoparte.com.br\/loja\/\",\"name\":\"MIDIAPOPARTE\",\"description\":\"Loja Online de Quadros Decorativos Exclusivos\",\"publisher\":{\"@id\":\"https:\/\/midiapoparte.com.br\/loja\/#organization\"},\"potentialAction\":[{\"@type\":\"SearchAction\",\"target\":{\"@type\":\"EntryPoint\",\"urlTemplate\":\"https:\/\/midiapoparte.com.br\/loja\/?s={search_term_string}\"},\"query-input\":{\"@type\":\"PropertyValueSpecification\",\"valueRequired\":true,\"valueName\":\"search_term_string\"}}],\"inLanguage\":\"pt-BR\"},{\"@type\":\"Organization\",\"@id\":\"https:\/\/midiapoparte.com.br\/loja\/#organization\",\"name\":\"MidiaPopArte - Loja online de quadros decorativos exclusivos\",\"url\":\"https:\/\/midiapoparte.com.br\/loja\/\",\"logo\":{\"@type\":\"ImageObject\",\"inLanguage\":\"pt-BR\",\"@id\":\"https:\/\/midiapoparte.com.br\/loja\/#\/schema\/logo\/image\/\",\"url\":\"https:\/\/midiapoparte.com.br\/loja\/wp-content\/uploads\/2021\/07\/logotipo-midiapoparte-novo-1.png\",\"contentUrl\":\"https:\/\/midiapoparte.com.br\/loja\/wp-content\/uploads\/2021\/07\/logotipo-midiapoparte-novo-1.png\",\"width\":200,\"height\":33,\"caption\":\"MidiaPopArte - Loja online de quadros decorativos exclusivos\"},\"image\":{\"@id\":\"https:\/\/midiapoparte.com.br\/loja\/#\/schema\/logo\/image\/\"},\"sameAs\":[\"https:\/\/www.facebook.com\/midiaprintnet\"]}]}<\/script>\n<!-- \/ Yoast SEO Premium plugin. -->","yoast_head_json":{"title":"Pol\u00edtica de Entrega - MIDIAPOPARTE","robots":{"index":"index","follow":"follow","max-snippet":"max-snippet:-1","max-image-preview":"max-image-preview:large","max-video-preview":"max-video-preview:-1"},"canonical":"https:\/\/midiapoparte.com.br\/loja\/politica-de-entrega\/","og_locale":"pt_BR","og_type":"article","og_title":"Pol\u00edtica de Entrega","og_description":"Pol\u00edtica de Entrega A MidiaPopArte conta com v\u00e1rias op\u00e7\u00f5es de entrega para atender todas as regi\u00f5es do Brasil com o melhor custo x benef\u00edcio. Estamos sempre atualizando nosso parceiro log\u00edstico para oferecer a melhor op\u00e7\u00e3o de transporte para nossos clientes. Trocas e Devolu\u00e7\u00f5es A MidiaPopArte faz de tudo para que voc\u00ea receba o produto em [&hellip;]","og_url":"https:\/\/midiapoparte.com.br\/loja\/politica-de-entrega\/","og_site_name":"MIDIAPOPARTE","article_publisher":"https:\/\/www.facebook.com\/midiaprintnet","article_modified_time":"2021-07-31T19:27:07+00:00","twitter_card":"summary_large_image","twitter_misc":{"Est. tempo de leitura":"1 minuto"},"schema":{"@context":"https:\/\/schema.org","@graph":[{"@type":"WebPage","@id":"https:\/\/midiapoparte.com.br\/loja\/politica-de-entrega\/","url":"https:\/\/midiapoparte.com.br\/loja\/politica-de-entrega\/","name":"Pol\u00edtica de Entrega - MIDIAPOPARTE","isPartOf":{"@id":"https:\/\/midiapoparte.com.br\/loja\/#website"},"datePublished":"2021-07-31T19:18:03+00:00","dateModified":"2021-07-31T19:27:07+00:00","breadcrumb":{"@id":"https:\/\/midiapoparte.com.br\/loja\/politica-de-entrega\/#breadcrumb"},"inLanguage":"pt-BR","potentialAction":[{"@type":"ReadAction","target":["https:\/\/midiapoparte.com.br\/loja\/politica-de-entrega\/"]}]},{"@type":"BreadcrumbList","@id":"https:\/\/midiapoparte.com.br\/loja\/politica-de-entrega\/#breadcrumb","itemListElement":[{"@type":"ListItem","position":1,"name":"Home","item":"https:\/\/midiapoparte.com.br\/loja\/"},{"@type":"ListItem","position":2,"name":"Pol\u00edtica de Entrega"}]},{"@type":"WebSite","@id":"https:\/\/midiapoparte.com.br\/loja\/#website","url":"https:\/\/midiapoparte.com.br\/loja\/","name":"MIDIAPOPARTE","description":"Loja Online de Quadros Decorativos Exclusivos","publisher":{"@id":"https:\/\/midiapoparte.com.br\/loja\/#organization"},"potentialAction":[{"@type":"SearchAction","target":{"@type":"EntryPoint","urlTemplate":"https:\/\/midiapoparte.com.br\/loja\/?s={search_term_string}"},"query-input":{"@type":"PropertyValueSpecification","valueRequired":true,"valueName":"search_term_string"}}],"inLanguage":"pt-BR"},{"@type":"Organization","@id":"https:\/\/midiapoparte.com.br\/loja\/#organization","name":"MidiaPopArte - Loja online de quadros decorativos exclusivos","url":"https:\/\/midiapoparte.com.br\/loja\/","logo":{"@type":"ImageObject","inLanguage":"pt-BR","@id":"https:\/\/midiapoparte.com.br\/loja\/#\/schema\/logo\/image\/","url":"https:\/\/midiapoparte.com.br\/loja\/wp-content\/uploads\/2021\/07\/logotipo-midiapoparte-novo-1.png","contentUrl":"https:\/\/midiapoparte.com.br\/loja\/wp-content\/uploads\/2021\/07\/logotipo-midiapoparte-novo-1.png","width":200,"height":33,"caption":"MidiaPopArte - Loja online de quadros decorativos exclusivos"},"image":{"@id":"https:\/\/midiapoparte.com.br\/loja\/#\/schema\/logo\/image\/"},"sameAs":["https:\/\/www.facebook.com\/midiaprintnet"]}]}},"_links":{"self":[{"href":"https:\/\/midiapoparte.com.br\/loja\/wp-json\/wp\/v2\/pages\/2016","targetHints":{"allow":["GET"]}}],"collection":[{"href":"https:\/\/midiapoparte.com.br\/loja\/wp-json\/wp\/v2\/pages"}],"about":[{"href":"https:\/\/midiapoparte.com.br\/loja\/wp-json\/wp\/v2\/types\/page"}],"author":[{"embeddable":true,"href":"https:\/\/midiapoparte.com.br\/loja\/wp-json\/wp\/v2\/users\/1"}],"replies":[{"embeddable":true,"href":"https:\/\/midiapoparte.com.br\/loja\/wp-json\/wp\/v2\/comments?post=2016"}],"version-history":[{"count":7,"href":"https:\/\/midiapoparte.com.br\/loja\/wp-json\/wp\/v2\/pages\/2016\/revisions"}],"predecessor-version":[{"id":2023,"href":"https:\/\/midiapoparte.com.br\/loja\/wp-json\/wp\/v2\/pages\/2016\/revisions\/2023"}],"wp:attachment":[{"href":"https:\/\/midiapoparte.com.br\/loja\/wp-json\/wp\/v2\/media?parent=2016"}],"curies":[{"name":"wp","href":"https:\/\/api.w.org\/{rel}","templated":true}]}}