{"id":2025,"date":"2021-07-31T16:45:05","date_gmt":"2021-07-31T19:45:05","guid":{"rendered":"https:\/\/midiapoparte.com.br\/loja\/?page_id=2025"},"modified":"2021-07-31T16:52:10","modified_gmt":"2021-07-31T19:52:10","slug":"termos-e-condicoes","status":"publish","type":"page","link":"https:\/\/midiapoparte.com.br\/loja\/termos-e-condicoes\/","title":{"rendered":"Termos e Condi\u00e7\u00f5es"},"content":{"rendered":"\t\t<div data-elementor-type=\"wp-page\" data-elementor-id=\"2025\" class=\"elementor elementor-2025\" data-elementor-post-type=\"page\">\n\t\t\t\t\t\t<section class=\"elementor-section elementor-top-section elementor-element elementor-element-14a0cdb elementor-section-boxed elementor-section-height-default elementor-section-height-default\" data-id=\"14a0cdb\" data-element_type=\"section\" data-e-type=\"section\">\n\t\t\t\t\t\t<div class=\"elementor-container elementor-column-gap-default\">\n\t\t\t\t\t<div class=\"elementor-column elementor-col-100 elementor-top-column elementor-element elementor-element-56ce93d\" data-id=\"56ce93d\" data-element_type=\"column\" data-e-type=\"column\">\n\t\t\t<div class=\"elementor-widget-wrap elementor-element-populated\">\n\t\t\t\t\t\t<div class=\"elementor-element elementor-element-582aebb elementor-widget elementor-widget-spacer\" data-id=\"582aebb\" data-element_type=\"widget\" data-e-type=\"widget\" data-widget_type=\"spacer.default\">\n\t\t\t\t<div class=\"elementor-widget-container\">\n\t\t\t\t\t\t\t<div class=\"elementor-spacer\">\n\t\t\t<div class=\"elementor-spacer-inner\"><\/div>\n\t\t<\/div>\n\t\t\t\t\t\t<\/div>\n\t\t\t\t<\/div>\n\t\t\t\t<div class=\"elementor-element elementor-element-432133d elementor-widget elementor-widget-heading\" data-id=\"432133d\" data-element_type=\"widget\" data-e-type=\"widget\" data-widget_type=\"heading.default\">\n\t\t\t\t<div class=\"elementor-widget-container\">\n\t\t\t\t\t<h2 class=\"elementor-heading-title elementor-size-default\">Termos e Condi\u00e7\u00f5es <\/h2>\t\t\t\t<\/div>\n\t\t\t\t<\/div>\n\t\t\t\t<div class=\"elementor-element elementor-element-8732df7 elementor-widget elementor-widget-text-editor\" data-id=\"8732df7\" data-element_type=\"widget\" data-e-type=\"widget\" data-widget_type=\"text-editor.default\">\n\t\t\t\t<div class=\"elementor-widget-container\">\n\t\t\t\t\t\t\t\t\t<p class=\"p1\">A MidiaPopArte busca oferecer uma experi\u00eancia aprimorada de compra atrav\u00e9s de uma plataforma \u00e1gil, segura e que oferece privacidade em todo o processo e transa\u00e7\u00e3o de informa\u00e7\u00f5es sigilosas. Os dados e informa\u00e7\u00f5es pessoais especialmente, de pagamento, s\u00e3o enviadas para as operadoras e institui\u00e7\u00e3o financeira que faz a intermedia\u00e7\u00e3o de pagamentos.<\/p><p class=\"p1\">Havendo qualquer informa\u00e7\u00e3o equivocada ou que n\u00e3o atenda os requisitos m\u00ednimos de seguran\u00e7a da informa\u00e7\u00e3o estabelecidas por essas institui\u00e7\u00f5es, pode acarretar numa recusa que n\u00e3o compete a n\u00f3s da MidiaPopArte saber o motivo.<\/p><p class=\"p1\">Essas informa\u00e7\u00f5es, muitas vezes n\u00e3o s\u00e3o passadas para a nossa equipe e em raz\u00e3o disso, o cliente precisa entrar em contato com a sua operadora financeira para entender o motivo.<\/p>\t\t\t\t\t\t\t\t<\/div>\n\t\t\t\t<\/div>\n\t\t\t\t\t<\/div>\n\t\t<\/div>\n\t\t\t\t\t<\/div>\n\t\t<\/section>\n\t\t\t\t<section class=\"elementor-section elementor-top-section elementor-element elementor-element-0eb1200 elementor-section-boxed elementor-section-height-default elementor-section-height-default\" data-id=\"0eb1200\" data-element_type=\"section\" data-e-type=\"section\">\n\t\t\t\t\t\t<div class=\"elementor-container elementor-column-gap-default\">\n\t\t\t\t\t<div class=\"elementor-column elementor-col-100 elementor-top-column elementor-element elementor-element-3c3ae16\" data-id=\"3c3ae16\" data-element_type=\"column\" data-e-type=\"column\">\n\t\t\t<div class=\"elementor-widget-wrap elementor-element-populated\">\n\t\t\t\t\t\t<div class=\"elementor-element elementor-element-0460bb8 elementor-widget elementor-widget-heading\" data-id=\"0460bb8\" data-element_type=\"widget\" data-e-type=\"widget\" data-widget_type=\"heading.default\">\n\t\t\t\t<div class=\"elementor-widget-container\">\n\t\t\t\t\t<h2 class=\"elementor-heading-title elementor-size-default\">Compra Segura<\/h2>\t\t\t\t<\/div>\n\t\t\t\t<\/div>\n\t\t\t\t<div class=\"elementor-element elementor-element-77f3a2b elementor-widget elementor-widget-text-editor\" data-id=\"77f3a2b\" data-element_type=\"widget\" data-e-type=\"widget\" data-widget_type=\"text-editor.default\">\n\t\t\t\t<div class=\"elementor-widget-container\">\n\t\t\t\t\t\t\t\t\t<p class=\"p1\">Usamos uma plataforma segura para gerenciar todos os pedidos. Seus dados cadastrais s\u00e3o armazenados apenas para faturamento, notifica\u00e7\u00e3o do andamento do pedido, campanhas promocionais com os nossos produtos apenas, e envio. Esses dados n\u00e3o s\u00e3o compartilhados com outras empresas.<\/p>\t\t\t\t\t\t\t\t<\/div>\n\t\t\t\t<\/div>\n\t\t\t\t\t<\/div>\n\t\t<\/div>\n\t\t\t\t\t<\/div>\n\t\t<\/section>\n\t\t\t\t<section class=\"elementor-section elementor-top-section elementor-element elementor-element-3995e4c elementor-section-boxed elementor-section-height-default elementor-section-height-default\" data-id=\"3995e4c\" data-element_type=\"section\" data-e-type=\"section\">\n\t\t\t\t\t\t<div class=\"elementor-container elementor-column-gap-default\">\n\t\t\t\t\t<div class=\"elementor-column elementor-col-100 elementor-top-column elementor-element elementor-element-c047f58\" data-id=\"c047f58\" data-element_type=\"column\" data-e-type=\"column\">\n\t\t\t<div class=\"elementor-widget-wrap elementor-element-populated\">\n\t\t\t\t\t\t<div class=\"elementor-element elementor-element-98eea70 elementor-widget elementor-widget-heading\" data-id=\"98eea70\" data-element_type=\"widget\" data-e-type=\"widget\" data-widget_type=\"heading.default\">\n\t\t\t\t<div class=\"elementor-widget-container\">\n\t\t\t\t\t<h2 class=\"elementor-heading-title elementor-size-default\">Pagamentos<\/h2>\t\t\t\t<\/div>\n\t\t\t\t<\/div>\n\t\t\t\t<div class=\"elementor-element elementor-element-666dab1 elementor-widget elementor-widget-text-editor\" data-id=\"666dab1\" data-element_type=\"widget\" data-e-type=\"widget\" data-widget_type=\"text-editor.default\">\n\t\t\t\t<div class=\"elementor-widget-container\">\n\t\t\t\t\t\t\t\t\t<p>Aceitamos praticamente todas as formas de pagamentos atrav\u00e9s do PagSeguro, nossa intermediadora. Importante salientar que a aprova\u00e7\u00e3o ou a recusa de qualquer forma de pagamento, n\u00e3o est\u00e1 em nossas m\u00e3os. Se por um acaso, seu pagamento n\u00e3o for aceito, orientamos a entrar em contato com sua operadora de cart\u00e3o de cr\u00e9dito ou institui\u00e7\u00e3o financeira.<\/p><p>N\u00e3o temos acesso a nenhuma informa\u00e7\u00e3o sobre dados de cart\u00e3o de cr\u00e9dito ou motivo pelo qual o pagamento n\u00e3o foi aprovado.<\/p>\t\t\t\t\t\t\t\t<\/div>\n\t\t\t\t<\/div>\n\t\t\t\t\t<\/div>\n\t\t<\/div>\n\t\t\t\t\t<\/div>\n\t\t<\/section>\n\t\t\t\t<section class=\"elementor-section elementor-top-section elementor-element elementor-element-49696e9 elementor-section-boxed elementor-section-height-default elementor-section-height-default\" data-id=\"49696e9\" data-element_type=\"section\" data-e-type=\"section\">\n\t\t\t\t\t\t<div class=\"elementor-container elementor-column-gap-default\">\n\t\t\t\t\t<div class=\"elementor-column elementor-col-100 elementor-top-column elementor-element elementor-element-4308191\" data-id=\"4308191\" data-element_type=\"column\" data-e-type=\"column\">\n\t\t\t<div class=\"elementor-widget-wrap elementor-element-populated\">\n\t\t\t\t\t\t<div class=\"elementor-element elementor-element-3d27bf6 elementor-widget elementor-widget-spacer\" data-id=\"3d27bf6\" data-element_type=\"widget\" data-e-type=\"widget\" data-widget_type=\"spacer.default\">\n\t\t\t\t<div class=\"elementor-widget-container\">\n\t\t\t\t\t\t\t<div class=\"elementor-spacer\">\n\t\t\t<div class=\"elementor-spacer-inner\"><\/div>\n\t\t<\/div>\n\t\t\t\t\t\t<\/div>\n\t\t\t\t<\/div>\n\t\t\t\t\t<\/div>\n\t\t<\/div>\n\t\t\t\t\t<\/div>\n\t\t<\/section>\n\t\t\t\t<\/div>\n\t\t","protected":false},"excerpt":{"rendered":"<p>Termos e Condi\u00e7\u00f5es A MidiaPopArte busca oferecer uma experi\u00eancia aprimorada de compra atrav\u00e9s de uma plataforma \u00e1gil, segura e que oferece privacidade em todo o processo e transa\u00e7\u00e3o de informa\u00e7\u00f5es sigilosas. Os dados e informa\u00e7\u00f5es pessoais especialmente, de pagamento, s\u00e3o enviadas para as operadoras e institui\u00e7\u00e3o financeira que faz a intermedia\u00e7\u00e3o de pagamentos. Havendo qualquer [&hellip;]<\/p>\n","protected":false},"author":1,"featured_media":0,"parent":0,"menu_order":0,"comment_status":"closed","ping_status":"closed","template":"elementor_header_footer","meta":{"footnotes":""},"class_list":["post-2025","page","type-page","status-publish","hentry"],"yoast_head":"<!-- This site is optimized with the Yoast SEO Premium plugin v25.6 (Yoast SEO v27.0) - https:\/\/yoast.com\/product\/yoast-seo-premium-wordpress\/ -->\n<title>Termos e Condi\u00e7\u00f5es - MIDIAPOPARTE<\/title>\n<meta name=\"robots\" content=\"index, follow, max-snippet:-1, max-image-preview:large, max-video-preview:-1\" \/>\n<link rel=\"canonical\" href=\"https:\/\/midiapoparte.com.br\/loja\/termos-e-condicoes\/\" \/>\n<meta property=\"og:locale\" content=\"pt_BR\" \/>\n<meta property=\"og:type\" content=\"article\" \/>\n<meta property=\"og:title\" content=\"Termos e Condi\u00e7\u00f5es\" \/>\n<meta property=\"og:description\" content=\"Termos e Condi\u00e7\u00f5es A MidiaPopArte busca oferecer uma experi\u00eancia aprimorada de compra atrav\u00e9s de uma plataforma \u00e1gil, segura e que oferece privacidade em todo o processo e transa\u00e7\u00e3o de informa\u00e7\u00f5es sigilosas. Os dados e informa\u00e7\u00f5es pessoais especialmente, de pagamento, s\u00e3o enviadas para as operadoras e institui\u00e7\u00e3o financeira que faz a intermedia\u00e7\u00e3o de pagamentos. Havendo qualquer [&hellip;]\" \/>\n<meta property=\"og:url\" content=\"https:\/\/midiapoparte.com.br\/loja\/termos-e-condicoes\/\" \/>\n<meta property=\"og:site_name\" content=\"MIDIAPOPARTE\" \/>\n<meta property=\"article:publisher\" content=\"https:\/\/www.facebook.com\/midiaprintnet\" \/>\n<meta property=\"article:modified_time\" content=\"2021-07-31T19:52:10+00:00\" \/>\n<meta name=\"twitter:card\" content=\"summary_large_image\" \/>\n<meta name=\"twitter:label1\" content=\"Est. tempo de leitura\" \/>\n\t<meta name=\"twitter:data1\" content=\"2 minutos\" \/>\n<script type=\"application\/ld+json\" class=\"yoast-schema-graph\">{\"@context\":\"https:\/\/schema.org\",\"@graph\":[{\"@type\":\"WebPage\",\"@id\":\"https:\/\/midiapoparte.com.br\/loja\/termos-e-condicoes\/\",\"url\":\"https:\/\/midiapoparte.com.br\/loja\/termos-e-condicoes\/\",\"name\":\"Termos e Condi\u00e7\u00f5es - MIDIAPOPARTE\",\"isPartOf\":{\"@id\":\"https:\/\/midiapoparte.com.br\/loja\/#website\"},\"datePublished\":\"2021-07-31T19:45:05+00:00\",\"dateModified\":\"2021-07-31T19:52:10+00:00\",\"breadcrumb\":{\"@id\":\"https:\/\/midiapoparte.com.br\/loja\/termos-e-condicoes\/#breadcrumb\"},\"inLanguage\":\"pt-BR\",\"potentialAction\":[{\"@type\":\"ReadAction\",\"target\":[\"https:\/\/midiapoparte.com.br\/loja\/termos-e-condicoes\/\"]}]},{\"@type\":\"BreadcrumbList\",\"@id\":\"https:\/\/midiapoparte.com.br\/loja\/termos-e-condicoes\/#breadcrumb\",\"itemListElement\":[{\"@type\":\"ListItem\",\"position\":1,\"name\":\"Home\",\"item\":\"https:\/\/midiapoparte.com.br\/loja\/\"},{\"@type\":\"ListItem\",\"position\":2,\"name\":\"Termos e Condi\u00e7\u00f5es\"}]},{\"@type\":\"WebSite\",\"@id\":\"https:\/\/midiapoparte.com.br\/loja\/#website\",\"url\":\"https:\/\/midiapoparte.com.br\/loja\/\",\"name\":\"MIDIAPOPARTE\",\"description\":\"Loja Online de Quadros Decorativos Exclusivos\",\"publisher\":{\"@id\":\"https:\/\/midiapoparte.com.br\/loja\/#organization\"},\"potentialAction\":[{\"@type\":\"SearchAction\",\"target\":{\"@type\":\"EntryPoint\",\"urlTemplate\":\"https:\/\/midiapoparte.com.br\/loja\/?s={search_term_string}\"},\"query-input\":{\"@type\":\"PropertyValueSpecification\",\"valueRequired\":true,\"valueName\":\"search_term_string\"}}],\"inLanguage\":\"pt-BR\"},{\"@type\":\"Organization\",\"@id\":\"https:\/\/midiapoparte.com.br\/loja\/#organization\",\"name\":\"MidiaPopArte - Loja online de quadros decorativos exclusivos\",\"url\":\"https:\/\/midiapoparte.com.br\/loja\/\",\"logo\":{\"@type\":\"ImageObject\",\"inLanguage\":\"pt-BR\",\"@id\":\"https:\/\/midiapoparte.com.br\/loja\/#\/schema\/logo\/image\/\",\"url\":\"https:\/\/midiapoparte.com.br\/loja\/wp-content\/uploads\/2021\/07\/logotipo-midiapoparte-novo-1.png\",\"contentUrl\":\"https:\/\/midiapoparte.com.br\/loja\/wp-content\/uploads\/2021\/07\/logotipo-midiapoparte-novo-1.png\",\"width\":200,\"height\":33,\"caption\":\"MidiaPopArte - Loja online de quadros decorativos exclusivos\"},\"image\":{\"@id\":\"https:\/\/midiapoparte.com.br\/loja\/#\/schema\/logo\/image\/\"},\"sameAs\":[\"https:\/\/www.facebook.com\/midiaprintnet\"]}]}<\/script>\n<!-- \/ Yoast SEO Premium plugin. -->","yoast_head_json":{"title":"Termos e Condi\u00e7\u00f5es - MIDIAPOPARTE","robots":{"index":"index","follow":"follow","max-snippet":"max-snippet:-1","max-image-preview":"max-image-preview:large","max-video-preview":"max-video-preview:-1"},"canonical":"https:\/\/midiapoparte.com.br\/loja\/termos-e-condicoes\/","og_locale":"pt_BR","og_type":"article","og_title":"Termos e Condi\u00e7\u00f5es","og_description":"Termos e Condi\u00e7\u00f5es A MidiaPopArte busca oferecer uma experi\u00eancia aprimorada de compra atrav\u00e9s de uma plataforma \u00e1gil, segura e que oferece privacidade em todo o processo e transa\u00e7\u00e3o de informa\u00e7\u00f5es sigilosas. Os dados e informa\u00e7\u00f5es pessoais especialmente, de pagamento, s\u00e3o enviadas para as operadoras e institui\u00e7\u00e3o financeira que faz a intermedia\u00e7\u00e3o de pagamentos. Havendo qualquer [&hellip;]","og_url":"https:\/\/midiapoparte.com.br\/loja\/termos-e-condicoes\/","og_site_name":"MIDIAPOPARTE","article_publisher":"https:\/\/www.facebook.com\/midiaprintnet","article_modified_time":"2021-07-31T19:52:10+00:00","twitter_card":"summary_large_image","twitter_misc":{"Est. tempo de leitura":"2 minutos"},"schema":{"@context":"https:\/\/schema.org","@graph":[{"@type":"WebPage","@id":"https:\/\/midiapoparte.com.br\/loja\/termos-e-condicoes\/","url":"https:\/\/midiapoparte.com.br\/loja\/termos-e-condicoes\/","name":"Termos e Condi\u00e7\u00f5es - MIDIAPOPARTE","isPartOf":{"@id":"https:\/\/midiapoparte.com.br\/loja\/#website"},"datePublished":"2021-07-31T19:45:05+00:00","dateModified":"2021-07-31T19:52:10+00:00","breadcrumb":{"@id":"https:\/\/midiapoparte.com.br\/loja\/termos-e-condicoes\/#breadcrumb"},"inLanguage":"pt-BR","potentialAction":[{"@type":"ReadAction","target":["https:\/\/midiapoparte.com.br\/loja\/termos-e-condicoes\/"]}]},{"@type":"BreadcrumbList","@id":"https:\/\/midiapoparte.com.br\/loja\/termos-e-condicoes\/#breadcrumb","itemListElement":[{"@type":"ListItem","position":1,"name":"Home","item":"https:\/\/midiapoparte.com.br\/loja\/"},{"@type":"ListItem","position":2,"name":"Termos e Condi\u00e7\u00f5es"}]},{"@type":"WebSite","@id":"https:\/\/midiapoparte.com.br\/loja\/#website","url":"https:\/\/midiapoparte.com.br\/loja\/","name":"MIDIAPOPARTE","description":"Loja Online de Quadros Decorativos Exclusivos","publisher":{"@id":"https:\/\/midiapoparte.com.br\/loja\/#organization"},"potentialAction":[{"@type":"SearchAction","target":{"@type":"EntryPoint","urlTemplate":"https:\/\/midiapoparte.com.br\/loja\/?s={search_term_string}"},"query-input":{"@type":"PropertyValueSpecification","valueRequired":true,"valueName":"search_term_string"}}],"inLanguage":"pt-BR"},{"@type":"Organization","@id":"https:\/\/midiapoparte.com.br\/loja\/#organization","name":"MidiaPopArte - Loja online de quadros decorativos exclusivos","url":"https:\/\/midiapoparte.com.br\/loja\/","logo":{"@type":"ImageObject","inLanguage":"pt-BR","@id":"https:\/\/midiapoparte.com.br\/loja\/#\/schema\/logo\/image\/","url":"https:\/\/midiapoparte.com.br\/loja\/wp-content\/uploads\/2021\/07\/logotipo-midiapoparte-novo-1.png","contentUrl":"https:\/\/midiapoparte.com.br\/loja\/wp-content\/uploads\/2021\/07\/logotipo-midiapoparte-novo-1.png","width":200,"height":33,"caption":"MidiaPopArte - Loja online de quadros decorativos exclusivos"},"image":{"@id":"https:\/\/midiapoparte.com.br\/loja\/#\/schema\/logo\/image\/"},"sameAs":["https:\/\/www.facebook.com\/midiaprintnet"]}]}},"_links":{"self":[{"href":"https:\/\/midiapoparte.com.br\/loja\/wp-json\/wp\/v2\/pages\/2025","targetHints":{"allow":["GET"]}}],"collection":[{"href":"https:\/\/midiapoparte.com.br\/loja\/wp-json\/wp\/v2\/pages"}],"about":[{"href":"https:\/\/midiapoparte.com.br\/loja\/wp-json\/wp\/v2\/types\/page"}],"author":[{"embeddable":true,"href":"https:\/\/midiapoparte.com.br\/loja\/wp-json\/wp\/v2\/users\/1"}],"replies":[{"embeddable":true,"href":"https:\/\/midiapoparte.com.br\/loja\/wp-json\/wp\/v2\/comments?post=2025"}],"version-history":[{"count":7,"href":"https:\/\/midiapoparte.com.br\/loja\/wp-json\/wp\/v2\/pages\/2025\/revisions"}],"predecessor-version":[{"id":2033,"href":"https:\/\/midiapoparte.com.br\/loja\/wp-json\/wp\/v2\/pages\/2025\/revisions\/2033"}],"wp:attachment":[{"href":"https:\/\/midiapoparte.com.br\/loja\/wp-json\/wp\/v2\/media?parent=2025"}],"curies":[{"name":"wp","href":"https:\/\/api.w.org\/{rel}","templated":true}]}}