{"id":12725,"date":"2026-03-14T13:51:02","date_gmt":"2026-03-14T16:51:02","guid":{"rendered":"https:\/\/midiapoparte.com.br\/loja\/?post_type=product&#038;p=12725"},"modified":"2026-03-14T14:39:12","modified_gmt":"2026-03-14T17:39:12","slug":"quadro-mar-minimalista","status":"publish","type":"product","link":"https:\/\/midiapoparte.com.br\/loja\/produto\/quadro-mar-minimalista\/","title":{"rendered":"Quadro decorativo paisagem do mar azul minimalista \u2013 Conjunto moderno"},"content":{"rendered":"<h1 data-start=\"1624\" data-end=\"1921\"><strong>Quadro Mar Minimalista Azul \u2013 Paisagem Oceano para Sala Moderna<\/strong><\/h1>\n<p data-start=\"1624\" data-end=\"1921\">O <strong data-start=\"1626\" data-end=\"1652\">quadro mar minimalista<\/strong> \u00e9 uma pe\u00e7a decorativa perfeita para quem deseja criar um ambiente sofisticado, leve e contempor\u00e2neo. Inspirado na tranquilidade do oceano, este quadro apresenta uma <strong data-start=\"1818\" data-end=\"1862\">paisagem mar\u00edtima em tons suaves de azul<\/strong>, transmitindo calma, profundidade e eleg\u00e2ncia ao ambiente.<\/p>\n<p data-start=\"1923\" data-end=\"2213\">Ideal para <strong data-start=\"1934\" data-end=\"2000\">salas modernas, escrit\u00f3rios, quartos ou ambientes minimalistas<\/strong>, a arte cria uma atmosfera relaxante e sofisticada. O estilo minimalista da composi\u00e7\u00e3o valoriza a simplicidade e a harmonia visual, tornando o quadro uma escolha perfeita para projetos de decora\u00e7\u00e3o contempor\u00e2nea.<\/p>\n<p data-start=\"2215\" data-end=\"2335\">Al\u00e9m de sua est\u00e9tica elegante, o quadro de paisagem do mar combina facilmente com diferentes estilos de decora\u00e7\u00e3o, como:<\/p>\n<ul data-start=\"2337\" data-end=\"2456\">\n<li data-section-id=\"1szj2tf\" data-start=\"2337\" data-end=\"2358\">\n<p data-start=\"2339\" data-end=\"2358\">decora\u00e7\u00e3o moderna<\/p>\n<\/li>\n<li data-section-id=\"14n75c1\" data-start=\"2359\" data-end=\"2381\">\n<p data-start=\"2361\" data-end=\"2381\">estilo escandinavo<\/p>\n<\/li>\n<li data-section-id=\"pn0ye1\" data-start=\"2382\" data-end=\"2408\">\n<p data-start=\"2384\" data-end=\"2408\">ambientes minimalistas<\/p>\n<\/li>\n<li data-section-id=\"x9bfp4\" data-start=\"2409\" data-end=\"2428\">\n<p data-start=\"2411\" data-end=\"2428\">decora\u00e7\u00e3o clean<\/p>\n<\/li>\n<li data-section-id=\"17j4ix5\" data-start=\"2429\" data-end=\"2456\">\n<p data-start=\"2431\" data-end=\"2456\">interiores sofisticados<\/p>\n<\/li>\n<\/ul>\n<p data-start=\"2458\" data-end=\"2644\">Se voc\u00ea busca um <strong data-start=\"2475\" data-end=\"2551\">quadro decorativo de mar que traga sensa\u00e7\u00e3o de tranquilidade e amplitude<\/strong>, esta obra \u00e9 uma excelente escolha para transformar qualquer parede em um ponto de destaque.<\/p>\n<h2 data-end=\"317\" data-start=\"241\"><strong data-end=\"317\" data-start=\"244\">Quadros Decorativos em Canvas MidiaPopArte: Qualidade, Estilo e Acabamento Premium<\/strong><\/h2>\n<p>Os\u00a0<strong data-end=\"355\" data-start=\"322\">quadros decorativos em canvas da MidiaPopArte<\/strong>\u00a0representam a combina\u00e7\u00e3o perfeita entre arte, durabilidade e sofistica\u00e7\u00e3o. Produzidos com impress\u00e3o de alta defini\u00e7\u00e3o sobre tela\u00a0<strong data-end=\"503\" data-start=\"485\">canvas premium<\/strong>, oferecem textura, profundidade e fidelidade de cores que transformam qualquer ambiente ? seja residencial ou corporativo ? em um espa\u00e7o de bom gosto e personalidade.<\/p>\n<p><img fetchpriority=\"high\" decoding=\"async\" class=\"alignnone wp-image-8448 size-full\" src=\"https:\/\/midiapoparte.com.br\/loja\/wp-content\/uploads\/2025\/11\/teaser.png\" alt=\"\" width=\"1452\" height=\"1680\" srcset=\"https:\/\/midiapoparte.com.br\/loja\/wp-content\/uploads\/2025\/11\/teaser.png 1452w, https:\/\/midiapoparte.com.br\/loja\/wp-content\/uploads\/2025\/11\/teaser-259x300.png 259w, https:\/\/midiapoparte.com.br\/loja\/wp-content\/uploads\/2025\/11\/teaser-885x1024.png 885w, https:\/\/midiapoparte.com.br\/loja\/wp-content\/uploads\/2025\/11\/teaser-768x889.png 768w, https:\/\/midiapoparte.com.br\/loja\/wp-content\/uploads\/2025\/11\/teaser-1328x1536.png 1328w, https:\/\/midiapoparte.com.br\/loja\/wp-content\/uploads\/2025\/11\/teaser-600x694.png 600w\" sizes=\"(max-width: 1452px) 100vw, 1452px\" \/><\/p>\n<p>&nbsp;<\/p>\n<h3 data-end=\"725\" data-start=\"672\"><strong data-end=\"725\" data-start=\"676\">Impress\u00e3o de Alta Qualidade sobre Tela Canvas<\/strong><\/h3>\n<p data-end=\"1229\" data-start=\"726\">A base de cada obra \u00e9 a\u00a0<strong data-end=\"765\" data-start=\"750\">tela canvas<\/strong>, material amplamente reconhecido por sua resist\u00eancia e acabamento refinado, similar ao tecido utilizado em pinturas art\u00edsticas. Nossa tecnologia de impress\u00e3o de alta resolu\u00e7\u00e3o garante\u00a0<strong data-end=\"1003\" data-start=\"950\">cores vivas, pretos profundos e detalhes precisos<\/strong>, preservando a beleza da imagem por muitos anos sem desbotamento. O processo utiliza tintas de alta durabilidade, resistentes \u00e0 luz e \u00e0 umidade, o que assegura uma\u00a0<strong data-end=\"1202\" data-start=\"1168\">qualidade fotogr\u00e1fica superior<\/strong>\u00a0e acabamento profissional.<\/p>\n<h3 data-end=\"1293\" data-start=\"1231\"><strong data-end=\"1293\" data-start=\"1235\">Chassi em Madeira de Eucalipto com 3,4 cm de Espessura<\/strong><\/h3>\n<p data-end=\"1701\" data-start=\"1294\">Um dos diferenciais mais importantes de nossos quadros est\u00e1 na estrutura interna: o\u00a0<strong data-end=\"1412\" data-start=\"1378\">chassi em madeira de eucalipto<\/strong>\u00a0com\u00a0<strong data-end=\"1440\" data-start=\"1417\">3,4 cm de espessura<\/strong>. Essa base s\u00f3lida garante estabilidade, resist\u00eancia e evita empenamentos ao longo do tempo. A madeira \u00e9 cuidadosamente tratada e montada de forma precisa, resultando em um quadro robusto e perfeitamente alinhado, ideal para quem busca qualidade e durabilidade.<\/p>\n<h3 data-end=\"1768\" data-start=\"1703\"><strong data-end=\"1768\" data-start=\"1707\">Acabamentos Exclusivos: Borda Infinita e Moldura Canaleta<\/strong><\/h3>\n<p data-end=\"1888\" data-start=\"1769\">Os\u00a0<strong data-end=\"1787\" data-start=\"1772\">acabamentos<\/strong>\u00a0s\u00e3o o toque final que valoriza a est\u00e9tica do quadro e harmoniza com diferentes estilos de decora\u00e7\u00e3o:<\/p>\n<ul data-end=\"2549\" data-start=\"1890\">\n<li data-end=\"2190\" data-start=\"1890\">\n<p data-end=\"2190\" data-start=\"1892\"><strong data-end=\"1910\" data-start=\"1892\">Borda Infinita<\/strong>: tamb\u00e9m conhecida como\u00a0<em data-end=\"1948\" data-start=\"1934\">gallery wrap<\/em>, nesse acabamento a pr\u00f3pria imagem se estende pelas laterais do chassi, criando um efeito cont\u00ednuo e moderno, sem a necessidade de moldura. \u00c9 ideal para ambientes contempor\u00e2neos e projetos que valorizam o minimalismo e a continuidade visual.<\/p>\n<\/li>\n<li data-end=\"2549\" data-start=\"2192\">\n<p data-end=\"2549\" data-start=\"2194\"><strong data-end=\"2224\" data-start=\"2194\">Moldura Flutuante Canaleta<\/strong>: um acabamento sofisticado que envolve o quadro com uma moldura sutil, criando a sensa\u00e7\u00e3o de que a tela ?flutua? dentro da estrutura. Dispon\u00edvel nas cores\u00a0<strong data-end=\"2390\" data-start=\"2380\">branca<\/strong>,\u00a0<strong data-end=\"2401\" data-start=\"2392\">preta<\/strong>\u00a0e\u00a0<strong data-end=\"2424\" data-start=\"2404\">tons amadeirados<\/strong>, a moldura canaleta traz eleg\u00e2ncia e destaca a obra, combinando perfeitamente com diversos estilos ? do cl\u00e1ssico ao moderno.<\/p>\n<\/li>\n<\/ul>\n<h3 data-end=\"2591\" data-start=\"2551\"><strong data-end=\"2591\" data-start=\"2555\">Design Vers\u00e1til e Personaliz\u00e1vel<\/strong><\/h3>\n<p data-end=\"2897\" data-start=\"2592\">Os\u00a0<strong data-end=\"2616\" data-start=\"2595\">quadros em canvas<\/strong>\u00a0se adaptam facilmente a qualquer tipo de ambiente: salas de estar, escrit\u00f3rios, recep\u00e7\u00f5es, dormit\u00f3rios e ambientes corporativos. Com a variedade de tamanhos e acabamentos dispon\u00edveis, \u00e9 poss\u00edvel criar\u00a0<strong data-end=\"2852\" data-start=\"2818\">composi\u00e7\u00f5es decorativas \u00fanicas<\/strong>, com equil\u00edbrio visual e coer\u00eancia est\u00e9tica.<\/p>\n<h3 data-end=\"2938\" data-start=\"2899\"><strong data-end=\"2938\" data-start=\"2903\">Durabilidade e Sustentabilidade<\/strong><\/h3>\n<p data-end=\"3237\" data-start=\"2939\">Al\u00e9m da beleza e qualidade visual, nossos quadros s\u00e3o produzidos com materiais sustent\u00e1veis e processos de baixo impacto ambiental. A madeira de eucalipto prov\u00e9m de fontes renov\u00e1veis, e as tintas utilizadas s\u00e3o livres de solventes agressivos, preservando a integridade do produto e o meio ambiente.<\/p>\n<h3 data-end=\"3300\" data-start=\"3239\"><strong data-end=\"3300\" data-start=\"3243\">Por Que Escolher Nossos Quadros Decorativos em Canvas<\/strong><\/h3>\n<ul data-end=\"3646\" data-start=\"3301\">\n<li data-end=\"3363\" data-start=\"3301\">\n<p data-end=\"3363\" data-start=\"3303\">Impress\u00e3o em alta defini\u00e7\u00e3o sobre\u00a0<strong data-end=\"3360\" data-start=\"3337\">tela canvas premium<\/strong>.<\/p>\n<\/li>\n<li data-end=\"3425\" data-start=\"3364\">\n<p data-end=\"3425\" data-start=\"3366\"><strong data-end=\"3399\" data-start=\"3366\">Chassi refor\u00e7ado em eucalipto<\/strong>\u00a0de 3,4 cm de espessura.<\/p>\n<\/li>\n<li data-end=\"3520\" data-start=\"3426\">\n<p data-end=\"3520\" data-start=\"3428\"><strong data-end=\"3453\" data-start=\"3428\">Acabamentos refinados<\/strong>: borda infinita e moldura canaleta (branca, preta e amadeirada).<\/p>\n<\/li>\n<li data-end=\"3582\" data-start=\"3521\">\n<p data-end=\"3582\" data-start=\"3523\"><strong data-end=\"3544\" data-start=\"3523\">Alta durabilidade<\/strong>, resist\u00eancia e fidelidade de cores.<\/p>\n<\/li>\n<li data-end=\"3646\" data-start=\"3583\">\n<p data-end=\"3646\" data-start=\"3585\">Produ\u00e7\u00e3o artesanal com rigor t\u00e9cnico e padr\u00e3o profissional.<\/p>\n<\/li>\n<\/ul>\n","protected":false},"excerpt":{"rendered":"<p>Quadro decorativo com <strong data-start=\"2043\" data-end=\"2084\">paisagem do mar em estilo minimalista<\/strong>, perfeito para quem busca uma decora\u00e7\u00e3o moderna e sofisticada. Os tons suaves de azul criam sensa\u00e7\u00e3o de calma e amplitude, ideal para salas, escrit\u00f3rios e ambientes contempor\u00e2neos est\u00e1 dispon\u00edvel em duas vers\u00f5es: tela + canvas ou tela + canvas + moldura. <strong>Quadro decorativo em tela canvas original 100% algod\u00e3o<\/strong>, uma exclusividade da linha de <strong>quadros decorativos MidiaPopArte.<\/strong><\/p>\n","protected":false},"featured_media":12742,"comment_status":"open","ping_status":"closed","template":"","meta":[],"product_brand":[],"product_cat":[199,205,201,114,16,122,68,184,202,203],"product_tag":[],"class_list":{"0":"post-12725","1":"product","2":"type-product","3":"status-publish","4":"has-post-thumbnail","6":"product_cat-azul","7":"product_cat-escritorios","8":"product_cat-3-telas-verticais","9":"product_cat-novidade","10":"product_cat-quadros-decorativos","11":"product_cat-minimalista","12":"product_cat-quadro-de-paisagens-e-natureza","13":"product_cat-quadros-em-destaque","14":"product_cat-sala-de-estar","15":"product_cat-sala-de-jantar","17":"first","18":"instock","19":"purchasable","20":"product-type-variable","21":"rtwpvs-product"},"yoast_head":"<!-- This site is optimized with the Yoast SEO Premium plugin v25.6 (Yoast SEO v27.0) - https:\/\/yoast.com\/product\/yoast-seo-premium-wordpress\/ -->\n<title>Quadro Mar Minimalista \u2013 Paisagem Oceano Azul Decorativo<\/title>\n<meta name=\"description\" content=\"Transforme sua decora\u00e7\u00e3o com o quadro mar minimalista, uma arte elegante com paisagem oce\u00e2nica em tons de azul que transmite tranquilidade e sofistica\u00e7\u00e3o.\" \/>\n<meta name=\"robots\" content=\"index, follow, max-snippet:-1, max-image-preview:large, max-video-preview:-1\" \/>\n<link rel=\"canonical\" href=\"https:\/\/midiapoparte.com.br\/loja\/produto\/quadro-mar-minimalista\/\" \/>\n<meta property=\"og:locale\" content=\"pt_BR\" \/>\n<meta property=\"og:type\" content=\"article\" \/>\n<meta property=\"og:title\" content=\"Quadro decorativo paisagem do mar azul minimalista \u2013 Conjunto moderno\" \/>\n<meta property=\"og:description\" content=\"Transforme sua decora\u00e7\u00e3o com o quadro mar minimalista, uma arte elegante com paisagem oce\u00e2nica em tons de azul que transmite tranquilidade e sofistica\u00e7\u00e3o.\" \/>\n<meta property=\"og:url\" content=\"https:\/\/midiapoparte.com.br\/loja\/produto\/quadro-mar-minimalista\/\" \/>\n<meta property=\"og:site_name\" content=\"MIDIAPOPARTE\" \/>\n<meta property=\"article:publisher\" content=\"https:\/\/www.facebook.com\/midiaprintnet\" \/>\n<meta property=\"article:modified_time\" content=\"2026-03-14T17:39:12+00:00\" \/>\n<meta property=\"og:image\" content=\"https:\/\/midiapoparte.com.br\/loja\/wp-content\/uploads\/2026\/03\/Captura-de-tela-2026-03-14-134603.png\" \/>\n\t<meta property=\"og:image:width\" content=\"762\" \/>\n\t<meta property=\"og:image:height\" content=\"762\" \/>\n\t<meta property=\"og:image:type\" content=\"image\/png\" \/>\n<meta name=\"twitter:card\" content=\"summary_large_image\" \/>\n<meta name=\"twitter:label1\" content=\"Disponibilidade\" \/>\n\t<meta name=\"twitter:data1\" content=\"Em Estoque\" \/>\n<script type=\"application\/ld+json\" class=\"yoast-schema-graph\">{\"@context\":\"https:\/\/schema.org\",\"@graph\":[{\"@type\":\"WebPage\",\"@id\":\"https:\/\/midiapoparte.com.br\/loja\/produto\/quadro-mar-minimalista\/\",\"url\":\"https:\/\/midiapoparte.com.br\/loja\/produto\/quadro-mar-minimalista\/\",\"name\":\"Quadro Mar Minimalista \u2013 Paisagem Oceano Azul Decorativo\",\"isPartOf\":{\"@id\":\"https:\/\/midiapoparte.com.br\/loja\/#website\"},\"primaryImageOfPage\":{\"@id\":\"https:\/\/midiapoparte.com.br\/loja\/produto\/quadro-mar-minimalista\/#primaryimage\"},\"image\":{\"@id\":\"https:\/\/midiapoparte.com.br\/loja\/produto\/quadro-mar-minimalista\/#primaryimage\"},\"thumbnailUrl\":\"https:\/\/midiapoparte.com.br\/loja\/wp-content\/uploads\/2026\/03\/Captura-de-tela-2026-03-14-134603.png\",\"datePublished\":\"2026-03-14T16:51:02+00:00\",\"dateModified\":\"2026-03-14T17:39:12+00:00\",\"description\":\"Transforme sua decora\u00e7\u00e3o com o quadro mar minimalista, uma arte elegante com paisagem oce\u00e2nica em tons de azul que transmite tranquilidade e sofistica\u00e7\u00e3o.\",\"breadcrumb\":{\"@id\":\"https:\/\/midiapoparte.com.br\/loja\/produto\/quadro-mar-minimalista\/#breadcrumb\"},\"inLanguage\":\"pt-BR\",\"potentialAction\":[{\"@type\":\"ReadAction\",\"target\":[\"https:\/\/midiapoparte.com.br\/loja\/produto\/quadro-mar-minimalista\/\"]}]},{\"@type\":\"ImageObject\",\"inLanguage\":\"pt-BR\",\"@id\":\"https:\/\/midiapoparte.com.br\/loja\/produto\/quadro-mar-minimalista\/#primaryimage\",\"url\":\"https:\/\/midiapoparte.com.br\/loja\/wp-content\/uploads\/2026\/03\/Captura-de-tela-2026-03-14-134603.png\",\"contentUrl\":\"https:\/\/midiapoparte.com.br\/loja\/wp-content\/uploads\/2026\/03\/Captura-de-tela-2026-03-14-134603.png\",\"width\":762,\"height\":762,\"caption\":\"Quadro decorativo com paisagem do mar em estilo minimalista, composto por tr\u00eas pe\u00e7as em tons suaves de azul que trazem sensa\u00e7\u00e3o de tranquilidade e sofistica\u00e7\u00e3o para a decora\u00e7\u00e3o de salas modernas com moldura preta\"},{\"@type\":\"BreadcrumbList\",\"@id\":\"https:\/\/midiapoparte.com.br\/loja\/produto\/quadro-mar-minimalista\/#breadcrumb\",\"itemListElement\":[{\"@type\":\"ListItem\",\"position\":1,\"name\":\"Home\",\"item\":\"https:\/\/midiapoparte.com.br\/loja\/\"},{\"@type\":\"ListItem\",\"position\":2,\"name\":\"Loja\",\"item\":\"https:\/\/midiapoparte.com.br\/loja\/loja\/\"},{\"@type\":\"ListItem\",\"position\":3,\"name\":\"Quadro decorativo paisagem do mar azul minimalista \u2013 Conjunto moderno\"}]},{\"@type\":\"WebSite\",\"@id\":\"https:\/\/midiapoparte.com.br\/loja\/#website\",\"url\":\"https:\/\/midiapoparte.com.br\/loja\/\",\"name\":\"MIDIAPOPARTE\",\"description\":\"Loja Online de Quadros Decorativos Exclusivos\",\"publisher\":{\"@id\":\"https:\/\/midiapoparte.com.br\/loja\/#organization\"},\"potentialAction\":[{\"@type\":\"SearchAction\",\"target\":{\"@type\":\"EntryPoint\",\"urlTemplate\":\"https:\/\/midiapoparte.com.br\/loja\/?s={search_term_string}\"},\"query-input\":{\"@type\":\"PropertyValueSpecification\",\"valueRequired\":true,\"valueName\":\"search_term_string\"}}],\"inLanguage\":\"pt-BR\"},{\"@type\":\"Organization\",\"@id\":\"https:\/\/midiapoparte.com.br\/loja\/#organization\",\"name\":\"MidiaPopArte - Loja online de quadros decorativos exclusivos\",\"url\":\"https:\/\/midiapoparte.com.br\/loja\/\",\"logo\":{\"@type\":\"ImageObject\",\"inLanguage\":\"pt-BR\",\"@id\":\"https:\/\/midiapoparte.com.br\/loja\/#\/schema\/logo\/image\/\",\"url\":\"https:\/\/midiapoparte.com.br\/loja\/wp-content\/uploads\/2021\/07\/logotipo-midiapoparte-novo-1.png\",\"contentUrl\":\"https:\/\/midiapoparte.com.br\/loja\/wp-content\/uploads\/2021\/07\/logotipo-midiapoparte-novo-1.png\",\"width\":200,\"height\":33,\"caption\":\"MidiaPopArte - Loja online de quadros decorativos exclusivos\"},\"image\":{\"@id\":\"https:\/\/midiapoparte.com.br\/loja\/#\/schema\/logo\/image\/\"},\"sameAs\":[\"https:\/\/www.facebook.com\/midiaprintnet\"]}]}<\/script>\n<meta property=\"og:availability\" content=\"instock\" \/>\n<meta property=\"product:availability\" content=\"instock\" \/>\n<meta property=\"product:retailer_item_id\" content=\"26108\" \/>\n<meta property=\"product:condition\" content=\"new\" \/>\n<!-- \/ Yoast SEO Premium plugin. -->","yoast_head_json":{"title":"Quadro Mar Minimalista \u2013 Paisagem Oceano Azul Decorativo","description":"Transforme sua decora\u00e7\u00e3o com o quadro mar minimalista, uma arte elegante com paisagem oce\u00e2nica em tons de azul que transmite tranquilidade e sofistica\u00e7\u00e3o.","robots":{"index":"index","follow":"follow","max-snippet":"max-snippet:-1","max-image-preview":"max-image-preview:large","max-video-preview":"max-video-preview:-1"},"canonical":"https:\/\/midiapoparte.com.br\/loja\/produto\/quadro-mar-minimalista\/","og_locale":"pt_BR","og_type":"article","og_title":"Quadro decorativo paisagem do mar azul minimalista \u2013 Conjunto moderno","og_description":"Transforme sua decora\u00e7\u00e3o com o quadro mar minimalista, uma arte elegante com paisagem oce\u00e2nica em tons de azul que transmite tranquilidade e sofistica\u00e7\u00e3o.","og_url":"https:\/\/midiapoparte.com.br\/loja\/produto\/quadro-mar-minimalista\/","og_site_name":"MIDIAPOPARTE","article_publisher":"https:\/\/www.facebook.com\/midiaprintnet","article_modified_time":"2026-03-14T17:39:12+00:00","og_image":[{"width":762,"height":762,"url":"https:\/\/midiapoparte.com.br\/loja\/wp-content\/uploads\/2026\/03\/Captura-de-tela-2026-03-14-134603.png","type":"image\/png"}],"twitter_card":"summary_large_image","twitter_misc":{"Disponibilidade":"Em Estoque"},"schema":{"@context":"https:\/\/schema.org","@graph":[{"@type":"WebPage","@id":"https:\/\/midiapoparte.com.br\/loja\/produto\/quadro-mar-minimalista\/","url":"https:\/\/midiapoparte.com.br\/loja\/produto\/quadro-mar-minimalista\/","name":"Quadro Mar Minimalista \u2013 Paisagem Oceano Azul Decorativo","isPartOf":{"@id":"https:\/\/midiapoparte.com.br\/loja\/#website"},"primaryImageOfPage":{"@id":"https:\/\/midiapoparte.com.br\/loja\/produto\/quadro-mar-minimalista\/#primaryimage"},"image":{"@id":"https:\/\/midiapoparte.com.br\/loja\/produto\/quadro-mar-minimalista\/#primaryimage"},"thumbnailUrl":"https:\/\/midiapoparte.com.br\/loja\/wp-content\/uploads\/2026\/03\/Captura-de-tela-2026-03-14-134603.png","datePublished":"2026-03-14T16:51:02+00:00","dateModified":"2026-03-14T17:39:12+00:00","description":"Transforme sua decora\u00e7\u00e3o com o quadro mar minimalista, uma arte elegante com paisagem oce\u00e2nica em tons de azul que transmite tranquilidade e sofistica\u00e7\u00e3o.","breadcrumb":{"@id":"https:\/\/midiapoparte.com.br\/loja\/produto\/quadro-mar-minimalista\/#breadcrumb"},"inLanguage":"pt-BR","potentialAction":[{"@type":"ReadAction","target":["https:\/\/midiapoparte.com.br\/loja\/produto\/quadro-mar-minimalista\/"]}]},{"@type":"ImageObject","inLanguage":"pt-BR","@id":"https:\/\/midiapoparte.com.br\/loja\/produto\/quadro-mar-minimalista\/#primaryimage","url":"https:\/\/midiapoparte.com.br\/loja\/wp-content\/uploads\/2026\/03\/Captura-de-tela-2026-03-14-134603.png","contentUrl":"https:\/\/midiapoparte.com.br\/loja\/wp-content\/uploads\/2026\/03\/Captura-de-tela-2026-03-14-134603.png","width":762,"height":762,"caption":"Quadro decorativo com paisagem do mar em estilo minimalista, composto por tr\u00eas pe\u00e7as em tons suaves de azul que trazem sensa\u00e7\u00e3o de tranquilidade e sofistica\u00e7\u00e3o para a decora\u00e7\u00e3o de salas modernas com moldura preta"},{"@type":"BreadcrumbList","@id":"https:\/\/midiapoparte.com.br\/loja\/produto\/quadro-mar-minimalista\/#breadcrumb","itemListElement":[{"@type":"ListItem","position":1,"name":"Home","item":"https:\/\/midiapoparte.com.br\/loja\/"},{"@type":"ListItem","position":2,"name":"Loja","item":"https:\/\/midiapoparte.com.br\/loja\/loja\/"},{"@type":"ListItem","position":3,"name":"Quadro decorativo paisagem do mar azul minimalista \u2013 Conjunto moderno"}]},{"@type":"WebSite","@id":"https:\/\/midiapoparte.com.br\/loja\/#website","url":"https:\/\/midiapoparte.com.br\/loja\/","name":"MIDIAPOPARTE","description":"Loja Online de Quadros Decorativos Exclusivos","publisher":{"@id":"https:\/\/midiapoparte.com.br\/loja\/#organization"},"potentialAction":[{"@type":"SearchAction","target":{"@type":"EntryPoint","urlTemplate":"https:\/\/midiapoparte.com.br\/loja\/?s={search_term_string}"},"query-input":{"@type":"PropertyValueSpecification","valueRequired":true,"valueName":"search_term_string"}}],"inLanguage":"pt-BR"},{"@type":"Organization","@id":"https:\/\/midiapoparte.com.br\/loja\/#organization","name":"MidiaPopArte - Loja online de quadros decorativos exclusivos","url":"https:\/\/midiapoparte.com.br\/loja\/","logo":{"@type":"ImageObject","inLanguage":"pt-BR","@id":"https:\/\/midiapoparte.com.br\/loja\/#\/schema\/logo\/image\/","url":"https:\/\/midiapoparte.com.br\/loja\/wp-content\/uploads\/2021\/07\/logotipo-midiapoparte-novo-1.png","contentUrl":"https:\/\/midiapoparte.com.br\/loja\/wp-content\/uploads\/2021\/07\/logotipo-midiapoparte-novo-1.png","width":200,"height":33,"caption":"MidiaPopArte - Loja online de quadros decorativos exclusivos"},"image":{"@id":"https:\/\/midiapoparte.com.br\/loja\/#\/schema\/logo\/image\/"},"sameAs":["https:\/\/www.facebook.com\/midiaprintnet"]}]},"og_availability":"instock","product_availability":"instock","product_retailer_item_id":"26108","product_condition":"new"},"_links":{"self":[{"href":"https:\/\/midiapoparte.com.br\/loja\/wp-json\/wp\/v2\/product\/12725","targetHints":{"allow":["GET"]}}],"collection":[{"href":"https:\/\/midiapoparte.com.br\/loja\/wp-json\/wp\/v2\/product"}],"about":[{"href":"https:\/\/midiapoparte.com.br\/loja\/wp-json\/wp\/v2\/types\/product"}],"replies":[{"embeddable":true,"href":"https:\/\/midiapoparte.com.br\/loja\/wp-json\/wp\/v2\/comments?post=12725"}],"wp:featuredmedia":[{"embeddable":true,"href":"https:\/\/midiapoparte.com.br\/loja\/wp-json\/wp\/v2\/media\/12742"}],"wp:attachment":[{"href":"https:\/\/midiapoparte.com.br\/loja\/wp-json\/wp\/v2\/media?parent=12725"}],"wp:term":[{"taxonomy":"product_brand","embeddable":true,"href":"https:\/\/midiapoparte.com.br\/loja\/wp-json\/wp\/v2\/product_brand?post=12725"},{"taxonomy":"product_cat","embeddable":true,"href":"https:\/\/midiapoparte.com.br\/loja\/wp-json\/wp\/v2\/product_cat?post=12725"},{"taxonomy":"product_tag","embeddable":true,"href":"https:\/\/midiapoparte.com.br\/loja\/wp-json\/wp\/v2\/product_tag?post=12725"}],"curies":[{"name":"wp","href":"https:\/\/api.w.org\/{rel}","templated":true}]}}