{"id":1788,"date":"2021-07-29T19:08:10","date_gmt":"2021-07-29T22:08:10","guid":{"rendered":"https:\/\/midiapoparte.com.br\/loja\/?post_type=product&#038;p=1788"},"modified":"2022-09-08T18:58:46","modified_gmt":"2022-09-08T21:58:46","slug":"quadro-abstrato-colorido-grande","status":"publish","type":"product","link":"https:\/\/midiapoparte.com.br\/loja\/produto\/quadro-abstrato-colorido-grande\/","title":{"rendered":"Quadro decorativo Abstrato Mistura de Cores"},"content":{"rendered":"<h1>Quadro abstrato colorido<\/h1>\n<p><strong>Quadro abstrato colorido grande <\/strong>para sala de estar, quarto, escrit\u00f3rio elegante e moderno para ambientes sofisticados. Este quadro decorativo com a tem\u00e1tica abstrata colorida, est\u00e1 dispon\u00edvel em duas vers\u00f5es: canvas e chassis de madeira de eucalipto e canvas com moldura canaleta (branca, preta, tons de madeira).<\/p>\n<h2>Quadros decorativos Abstratos colorido<\/h2>\n<p><a href=\"https:\/\/midiapoparte.com.br\/loja\/quadros-decorativos-canvas-modernos-elegantes\/\" target=\"_blank\" rel=\"noopener\"><strong>Quadros decorativos em tela canvas<\/strong><\/a> ou simplesmente telas decorativos em canvas, a mesma usada em telas expostas em galerias de arte no mundo todo s\u00e3o confeccionadas a partir da impress\u00e3o digital em alta defini\u00e7\u00e3o em tela ou tecido canvas original (material premium 100% algod\u00e3o) esticado sobre chassis de madeira de eucalipto de 3,4 cm de espessura bastante resistente e rigorosamente alinhados.\u00a0 Essa op\u00e7\u00e3o \u00e9 bastante elegante e muito requisitada no seguimento de decora\u00e7\u00e3o. <a href=\"https:\/\/midiaprint.net\/impressao-em-tecido-canvas-em-sp\/\" target=\"_blank\" rel=\"noopener\">Saiba mais sobre impress\u00e3o em tela canvas.<\/a><\/p>\n<h2>Imagens abstratas<\/h2>\n<p>As imagens abstratas est\u00e3o entre as mais buscadas em nosso site, especialmente esse modelo que est\u00e1 entre os mais visualizados em nosso cat\u00e1logo. Imagem abstrata para quadros combinam praticamente em todos os ambientes, considerando a harmonia na sua decora\u00e7\u00e3o, os quadros com imagens abstratas caem como uma luva em qualquer espa\u00e7o. Use a criatividade e decore sua sala, quarto e escrit\u00f3rios.<\/p>\n<h2>Quadro decorativo com colorido para sala de estar fine art em tela canvas com moldura canaleta<\/h2>\n<p>Al\u00e9m da op\u00e7\u00e3o de telas com apenas o chassis de madeira em eucalipto, temos a op\u00e7\u00e3o com moldura canaleta em tr\u00eas vers\u00f5es: branca, preta e tons de madeira. As molduras d\u00e3o um toque mais sofisticado no acabamento e agregam valor no acabamento. A moldura canaleta aumenta a \u00e1rea do quadro em 3 cm a mais em cada lado e tem 3 cm de espessura ou profundidade.<\/p>\n<h3>Acabamento em Verniz UV<\/h3>\n<p>Tanto a op\u00e7\u00e3o de quadro em chassis de madeira (tela + canvas) bem como os quadros com moldura (tela + chassis + molduras) contam com um acabamento extra. Toda a nossa linha de quadros decorativos, al\u00e9m de uma impress\u00e3o de alt\u00edssima qualidade sobre o tecido canvas, recebem uma camada extra de verniz UV sobre a tela, dando mais vida para a imagem impressa e aumentando ainda mais sua durabilidade. Esse acabamento \u00e9 exclusivo da nossa linha de <strong>quadros decorativos MidiaPopArte.<\/strong><\/p>\n<p>&nbsp;<\/p>\n<p style=\"text-align: center;\"><img fetchpriority=\"high\" decoding=\"async\" class=\"alignnone wp-image-1027\" src=\"https:\/\/midiapoparte.com.br\/loja\/wp-content\/uploads\/2021\/07\/teaser-moldura_01-300x300.png\" alt=\"\" width=\"530\" height=\"529\" srcset=\"https:\/\/midiapoparte.com.br\/loja\/wp-content\/uploads\/2021\/07\/teaser-moldura_01-300x300.png 300w, https:\/\/midiapoparte.com.br\/loja\/wp-content\/uploads\/2021\/07\/teaser-moldura_01-150x150.png 150w, https:\/\/midiapoparte.com.br\/loja\/wp-content\/uploads\/2021\/07\/teaser-moldura_01-400x400.png 400w, https:\/\/midiapoparte.com.br\/loja\/wp-content\/uploads\/2021\/07\/teaser-moldura_01-100x100.png 100w, https:\/\/midiapoparte.com.br\/loja\/wp-content\/uploads\/2021\/07\/teaser-moldura_01.png 500w\" sizes=\"(max-width: 530px) 100vw, 530px\" \/> <img decoding=\"async\" class=\"alignnone wp-image-1028\" src=\"https:\/\/midiapoparte.com.br\/loja\/wp-content\/uploads\/2021\/07\/teaser-moldura_02-300x300.png\" alt=\"\" width=\"530\" height=\"530\" srcset=\"https:\/\/midiapoparte.com.br\/loja\/wp-content\/uploads\/2021\/07\/teaser-moldura_02-300x300.png 300w, https:\/\/midiapoparte.com.br\/loja\/wp-content\/uploads\/2021\/07\/teaser-moldura_02-150x150.png 150w, https:\/\/midiapoparte.com.br\/loja\/wp-content\/uploads\/2021\/07\/teaser-moldura_02-400x400.png 400w, https:\/\/midiapoparte.com.br\/loja\/wp-content\/uploads\/2021\/07\/teaser-moldura_02-100x100.png 100w, https:\/\/midiapoparte.com.br\/loja\/wp-content\/uploads\/2021\/07\/teaser-moldura_02.png 500w\" sizes=\"(max-width: 530px) 100vw, 530px\" \/> <img decoding=\"async\" class=\"alignnone wp-image-1029\" src=\"https:\/\/midiapoparte.com.br\/loja\/wp-content\/uploads\/2021\/07\/teaser-moldura_03-300x300.png\" alt=\"\" width=\"530\" height=\"531\" srcset=\"https:\/\/midiapoparte.com.br\/loja\/wp-content\/uploads\/2021\/07\/teaser-moldura_03-300x300.png 300w, https:\/\/midiapoparte.com.br\/loja\/wp-content\/uploads\/2021\/07\/teaser-moldura_03-150x150.png 150w, https:\/\/midiapoparte.com.br\/loja\/wp-content\/uploads\/2021\/07\/teaser-moldura_03-400x400.png 400w, https:\/\/midiapoparte.com.br\/loja\/wp-content\/uploads\/2021\/07\/teaser-moldura_03-100x100.png 100w, https:\/\/midiapoparte.com.br\/loja\/wp-content\/uploads\/2021\/07\/teaser-moldura_03.png 500w\" sizes=\"(max-width: 530px) 100vw, 530px\" \/> <img loading=\"lazy\" decoding=\"async\" class=\"alignnone wp-image-1030\" src=\"https:\/\/midiapoparte.com.br\/loja\/wp-content\/uploads\/2021\/07\/teaser-moldura_04-300x300.png\" alt=\"\" width=\"530\" height=\"530\" srcset=\"https:\/\/midiapoparte.com.br\/loja\/wp-content\/uploads\/2021\/07\/teaser-moldura_04-300x300.png 300w, https:\/\/midiapoparte.com.br\/loja\/wp-content\/uploads\/2021\/07\/teaser-moldura_04-150x150.png 150w, https:\/\/midiapoparte.com.br\/loja\/wp-content\/uploads\/2021\/07\/teaser-moldura_04-400x400.png 400w, https:\/\/midiapoparte.com.br\/loja\/wp-content\/uploads\/2021\/07\/teaser-moldura_04-100x100.png 100w, https:\/\/midiapoparte.com.br\/loja\/wp-content\/uploads\/2021\/07\/teaser-moldura_04.png 500w\" sizes=\"(max-width: 530px) 100vw, 530px\" \/><\/p>\n<h3><strong>Como s\u00e3o produzidos os quadros decorativos MidiaPopArte?<\/strong><\/h3>\n<p>Os quadros decorativos da linha MidiaPopArte s\u00e3o produzidos a partir de uma impress\u00e3o em alta defini\u00e7\u00e3o em tecido ou tela canvas, como \u00e9 conhecido. O mesmo material usado em obras expostas em galerias no mundo todo. O tecido canvas \u00e9 um material premium 100% algod\u00e3o bastante resistente. Em nossa linha, como uma caracter\u00edstica exclusiva no mercado, aplicamos uma camada de Verniz sobre o tecido e essa aplica\u00e7\u00e3o al\u00e9m de aumentar ainda mais a durabilidade de nossas obras, o verniz d\u00e1 um toque mais brilhante deixando as imagens que n\u00f3s imprimimos, mais vivas e n\u00edtidas. Uma caracter\u00edstica muito comum no tecido canvas, \u00e9 sua opacidade. Alias, a grande maioria dos tipos de tecidos, s\u00e3o opacos. Exatamente por isso, com o objetivo de amenizar essa opacidade, comum nesse tipo de material, o verniz destaca a qualidade da impress\u00e3o dando vida e cores mais vibrantes em nossas imagens.<\/p>\n<p><a href=\"https:\/\/midiapoparte.com.br\/loja\/fabrica-de-quadros-decorativos\/\" target=\"_blank\" rel=\"noopener\">Saiba mais sobre como funciona nosso processo de produ\u00e7\u00e3o.<\/a><\/p>\n<p>&nbsp;<\/p>\n<h3><strong>Caracter\u00edsticas principais<\/strong><\/h3>\n<p><strong>Tipo de impress\u00e3o:<\/strong>\u00a0Impress\u00e3o digital em alt\u00edssima defini\u00e7\u00e3o em tela canvas<\/p>\n<p><strong>Acabamento:<\/strong>\u00a0Acabamento em verniz UV<\/p>\n<p><strong>Estrutura:<\/strong>\u00a0Chassis na espessura entre 3,5 a 4 cm<\/p>\n<p><strong>Moldura: <\/strong>Canaleta ou Filete com 4 cm de espessura<\/p>\n<p><strong>Embalagem:<\/strong>\u00a0Pl\u00e1stico bolha e Papel\u00e3o Microondulado<\/p>\n<p><strong>Marca:<\/strong>\u00a0MidiaPopArte<\/p>\n<p>&nbsp;<\/p>\n<h3><strong>CUIDADOS COM O PRODUTO<\/strong><\/h3>\n<p>Este produto deve ser utilizado apenas em ambientes internos;<\/p>\n<p>Para limpeza utilize apenas um pano seco ou espanador;<\/p>\n<p>N\u00e3o exponha o produto em paredes com sinais de umidade ou sobe luz direta do sol;<\/p>\n<p>Os objetos ou m\u00f3veis utilizados nas imagens dos ambientes s\u00e3o apenas ilustrativos e n\u00e3o acompanham o produto;<\/p>\n<p>As cores dos quadros podem sofrem varia\u00e7\u00f5es dependendo da resolu\u00e7\u00e3o e configura\u00e7\u00e3o do seu monitor;<\/p>\n<p>As imagens dos quadros nos ambientes s\u00e3o meramente ilustrativas e n\u00e3o configuram a real dimens\u00e3o do produto;<\/p>\n<p>N\u00e3o nos responsabilizamos pela montagem ou instala\u00e7\u00e3o do produto.<\/p>\n<p>&nbsp;<\/p>\n<h3><strong>CONSIDERA\u00c7\u00d5ES IMPORTANTES<\/strong><\/h3>\n<p><strong>1. Se eu n\u00e3o gostar do produto posso devolv\u00ea-lo?<\/strong><\/p>\n<p>A MidiaPopArte garante a devolu\u00e7\u00e3o do produto dentro de um prazo de 7 dias corridos contados a partir da data de recebimento. Contudo, a devolu\u00e7\u00e3o ser\u00e1 aceita somente se o produto n\u00e3o for removido do filme pl\u00e1stico protetor para que seja disponibilizado novamente em nossa prateleira e que n\u00e3o apresente nenhuma avaria ou sinais de uso. <a href=\"https:\/\/midiapoparte.com.br\/loja\/politica-de-entrega\/\" target=\"_blank\" rel=\"noopener\">Veja mais em nossa Pol\u00edtica de Entrega.<\/a><\/p>\n<p><strong>2. Os quadros decorativos em canvas MidiaPopArte acompanham molduras?<\/strong><\/p>\n<p>N\u00e3o, os quadros s\u00e3o esticados em chassis de madeira reflorestada com a espessura de 3,5 e 4 cm que garantem um acabamento diferenciado e uma estrutura bastante resistente.<\/p>\n<p><strong>3. Como fixar o quadro na parede?<\/strong><\/p>\n<p>Para fixar na parede \u00e9 muito simples. Basta apenas um furo na parede com buchas e parafusos de 8&#8243;.<\/p>\n","protected":false},"excerpt":{"rendered":"<p>Este <strong>quadro abstrato colorido grande<\/strong>, est\u00e1 dispon\u00edvel em duas vers\u00f5es: tela + canvas ou tela + canvas + moldura. <strong>Quadro decorativo em tela canvas original 100% algod\u00e3o com acabamento em verniz UV<\/strong>, uma exclusividade da linha de <strong>quadros decorativos MidiaPopArte.<\/strong><\/p>\n","protected":false},"featured_media":1803,"comment_status":"open","ping_status":"closed","template":"","meta":[],"product_brand":[],"product_cat":[16,54,158],"product_tag":[],"class_list":{"0":"post-1788","1":"product","2":"type-product","3":"status-publish","4":"has-post-thumbnail","6":"product_cat-quadros-decorativos","7":"product_cat-quadros-abstratos-e-geometricos","8":"product_cat-mais-vendidos","10":"first","11":"instock","12":"purchasable","13":"product-type-variable","14":"rtwpvs-product"},"yoast_head":"<!-- This site is optimized with the Yoast SEO Premium plugin v25.6 (Yoast SEO v27.0) - https:\/\/yoast.com\/product\/yoast-seo-premium-wordpress\/ -->\n<title>Quadro abstrato colorido grande para sala de estar em canvas e moldura<\/title>\n<meta name=\"description\" content=\"Quadro abstrato colorido grande para sala de estar, salas, quartos e escrit\u00f3rios. Quadros decorativos tem\u00e1tica abstrata com chassis e moldura\" \/>\n<meta name=\"robots\" content=\"index, follow, max-snippet:-1, max-image-preview:large, max-video-preview:-1\" \/>\n<link rel=\"canonical\" href=\"https:\/\/midiapoparte.com.br\/loja\/produto\/quadro-abstrato-colorido-grande\/\" \/>\n<meta property=\"og:locale\" content=\"pt_BR\" \/>\n<meta property=\"og:type\" content=\"article\" \/>\n<meta property=\"og:title\" content=\"Quadro decorativo Abstrato Mistura de Cores\" \/>\n<meta property=\"og:description\" content=\"Quadro abstrato colorido grande para sala de estar, salas, quartos e escrit\u00f3rios. Quadros decorativos tem\u00e1tica abstrata com chassis e moldura\" \/>\n<meta property=\"og:url\" content=\"https:\/\/midiapoparte.com.br\/loja\/produto\/quadro-abstrato-colorido-grande\/\" \/>\n<meta property=\"og:site_name\" content=\"MIDIAPOPARTE\" \/>\n<meta property=\"article:publisher\" content=\"https:\/\/www.facebook.com\/midiaprintnet\" \/>\n<meta property=\"article:modified_time\" content=\"2022-09-08T21:58:46+00:00\" \/>\n<meta property=\"og:image\" content=\"https:\/\/midiapoparte.com.br\/loja\/wp-content\/uploads\/2021\/07\/QDMCV00400-Quadros-decorativos-premium-Abstrato-mistura-de-cores-MidiaPopArte-40x60-60x90-80x120-100x1500cm-thumb.png\" \/>\n\t<meta property=\"og:image:width\" content=\"600\" \/>\n\t<meta property=\"og:image:height\" content=\"574\" \/>\n\t<meta property=\"og:image:type\" content=\"image\/png\" \/>\n<meta name=\"twitter:card\" content=\"summary_large_image\" \/>\n<meta name=\"twitter:label1\" content=\"Disponibilidade\" \/>\n\t<meta name=\"twitter:data1\" content=\"Em Estoque\" \/>\n<script type=\"application\/ld+json\" class=\"yoast-schema-graph\">{\"@context\":\"https:\/\/schema.org\",\"@graph\":[{\"@type\":\"WebPage\",\"@id\":\"https:\/\/midiapoparte.com.br\/loja\/produto\/quadro-abstrato-colorido-grande\/\",\"url\":\"https:\/\/midiapoparte.com.br\/loja\/produto\/quadro-abstrato-colorido-grande\/\",\"name\":\"Quadro abstrato colorido grande para sala de estar em canvas e moldura\",\"isPartOf\":{\"@id\":\"https:\/\/midiapoparte.com.br\/loja\/#website\"},\"primaryImageOfPage\":{\"@id\":\"https:\/\/midiapoparte.com.br\/loja\/produto\/quadro-abstrato-colorido-grande\/#primaryimage\"},\"image\":{\"@id\":\"https:\/\/midiapoparte.com.br\/loja\/produto\/quadro-abstrato-colorido-grande\/#primaryimage\"},\"thumbnailUrl\":\"https:\/\/midiapoparte.com.br\/loja\/wp-content\/uploads\/2021\/07\/QDMCV00400-Quadros-decorativos-premium-Abstrato-mistura-de-cores-MidiaPopArte-40x60-60x90-80x120-100x1500cm-thumb.png\",\"datePublished\":\"2021-07-29T22:08:10+00:00\",\"dateModified\":\"2022-09-08T21:58:46+00:00\",\"description\":\"Quadro abstrato colorido grande para sala de estar, salas, quartos e escrit\u00f3rios. Quadros decorativos tem\u00e1tica abstrata com chassis e moldura\",\"breadcrumb\":{\"@id\":\"https:\/\/midiapoparte.com.br\/loja\/produto\/quadro-abstrato-colorido-grande\/#breadcrumb\"},\"inLanguage\":\"pt-BR\",\"potentialAction\":[{\"@type\":\"ReadAction\",\"target\":[\"https:\/\/midiapoparte.com.br\/loja\/produto\/quadro-abstrato-colorido-grande\/\"]}]},{\"@type\":\"ImageObject\",\"inLanguage\":\"pt-BR\",\"@id\":\"https:\/\/midiapoparte.com.br\/loja\/produto\/quadro-abstrato-colorido-grande\/#primaryimage\",\"url\":\"https:\/\/midiapoparte.com.br\/loja\/wp-content\/uploads\/2021\/07\/QDMCV00400-Quadros-decorativos-premium-Abstrato-mistura-de-cores-MidiaPopArte-40x60-60x90-80x120-100x1500cm-thumb.png\",\"contentUrl\":\"https:\/\/midiapoparte.com.br\/loja\/wp-content\/uploads\/2021\/07\/QDMCV00400-Quadros-decorativos-premium-Abstrato-mistura-de-cores-MidiaPopArte-40x60-60x90-80x120-100x1500cm-thumb.png\",\"width\":600,\"height\":574,\"caption\":\"Quadro abstrato colorido grande para sala de estar, salas, quartos e escrit\u00f3rios. Combina perfeitamente em ambientes modernos e elegantes.\"},{\"@type\":\"BreadcrumbList\",\"@id\":\"https:\/\/midiapoparte.com.br\/loja\/produto\/quadro-abstrato-colorido-grande\/#breadcrumb\",\"itemListElement\":[{\"@type\":\"ListItem\",\"position\":1,\"name\":\"Home\",\"item\":\"https:\/\/midiapoparte.com.br\/loja\/\"},{\"@type\":\"ListItem\",\"position\":2,\"name\":\"Loja\",\"item\":\"https:\/\/midiapoparte.com.br\/loja\/loja\/\"},{\"@type\":\"ListItem\",\"position\":3,\"name\":\"Quadro decorativo Abstrato Mistura de Cores\"}]},{\"@type\":\"WebSite\",\"@id\":\"https:\/\/midiapoparte.com.br\/loja\/#website\",\"url\":\"https:\/\/midiapoparte.com.br\/loja\/\",\"name\":\"MIDIAPOPARTE\",\"description\":\"Loja Online de Quadros Decorativos Exclusivos\",\"publisher\":{\"@id\":\"https:\/\/midiapoparte.com.br\/loja\/#organization\"},\"potentialAction\":[{\"@type\":\"SearchAction\",\"target\":{\"@type\":\"EntryPoint\",\"urlTemplate\":\"https:\/\/midiapoparte.com.br\/loja\/?s={search_term_string}\"},\"query-input\":{\"@type\":\"PropertyValueSpecification\",\"valueRequired\":true,\"valueName\":\"search_term_string\"}}],\"inLanguage\":\"pt-BR\"},{\"@type\":\"Organization\",\"@id\":\"https:\/\/midiapoparte.com.br\/loja\/#organization\",\"name\":\"MidiaPopArte - Loja online de quadros decorativos exclusivos\",\"url\":\"https:\/\/midiapoparte.com.br\/loja\/\",\"logo\":{\"@type\":\"ImageObject\",\"inLanguage\":\"pt-BR\",\"@id\":\"https:\/\/midiapoparte.com.br\/loja\/#\/schema\/logo\/image\/\",\"url\":\"https:\/\/midiapoparte.com.br\/loja\/wp-content\/uploads\/2021\/07\/logotipo-midiapoparte-novo-1.png\",\"contentUrl\":\"https:\/\/midiapoparte.com.br\/loja\/wp-content\/uploads\/2021\/07\/logotipo-midiapoparte-novo-1.png\",\"width\":200,\"height\":33,\"caption\":\"MidiaPopArte - Loja online de quadros decorativos exclusivos\"},\"image\":{\"@id\":\"https:\/\/midiapoparte.com.br\/loja\/#\/schema\/logo\/image\/\"},\"sameAs\":[\"https:\/\/www.facebook.com\/midiaprintnet\"]}]}<\/script>\n<meta property=\"og:availability\" content=\"instock\" \/>\n<meta property=\"product:availability\" content=\"instock\" \/>\n<meta property=\"product:retailer_item_id\" content=\"QDMCV00400\" \/>\n<meta property=\"product:condition\" content=\"new\" \/>\n<!-- \/ Yoast SEO Premium plugin. -->","yoast_head_json":{"title":"Quadro abstrato colorido grande para sala de estar em canvas e moldura","description":"Quadro abstrato colorido grande para sala de estar, salas, quartos e escrit\u00f3rios. Quadros decorativos tem\u00e1tica abstrata com chassis e moldura","robots":{"index":"index","follow":"follow","max-snippet":"max-snippet:-1","max-image-preview":"max-image-preview:large","max-video-preview":"max-video-preview:-1"},"canonical":"https:\/\/midiapoparte.com.br\/loja\/produto\/quadro-abstrato-colorido-grande\/","og_locale":"pt_BR","og_type":"article","og_title":"Quadro decorativo Abstrato Mistura de Cores","og_description":"Quadro abstrato colorido grande para sala de estar, salas, quartos e escrit\u00f3rios. Quadros decorativos tem\u00e1tica abstrata com chassis e moldura","og_url":"https:\/\/midiapoparte.com.br\/loja\/produto\/quadro-abstrato-colorido-grande\/","og_site_name":"MIDIAPOPARTE","article_publisher":"https:\/\/www.facebook.com\/midiaprintnet","article_modified_time":"2022-09-08T21:58:46+00:00","og_image":[{"width":600,"height":574,"url":"https:\/\/midiapoparte.com.br\/loja\/wp-content\/uploads\/2021\/07\/QDMCV00400-Quadros-decorativos-premium-Abstrato-mistura-de-cores-MidiaPopArte-40x60-60x90-80x120-100x1500cm-thumb.png","type":"image\/png"}],"twitter_card":"summary_large_image","twitter_misc":{"Disponibilidade":"Em Estoque"},"schema":{"@context":"https:\/\/schema.org","@graph":[{"@type":"WebPage","@id":"https:\/\/midiapoparte.com.br\/loja\/produto\/quadro-abstrato-colorido-grande\/","url":"https:\/\/midiapoparte.com.br\/loja\/produto\/quadro-abstrato-colorido-grande\/","name":"Quadro abstrato colorido grande para sala de estar em canvas e moldura","isPartOf":{"@id":"https:\/\/midiapoparte.com.br\/loja\/#website"},"primaryImageOfPage":{"@id":"https:\/\/midiapoparte.com.br\/loja\/produto\/quadro-abstrato-colorido-grande\/#primaryimage"},"image":{"@id":"https:\/\/midiapoparte.com.br\/loja\/produto\/quadro-abstrato-colorido-grande\/#primaryimage"},"thumbnailUrl":"https:\/\/midiapoparte.com.br\/loja\/wp-content\/uploads\/2021\/07\/QDMCV00400-Quadros-decorativos-premium-Abstrato-mistura-de-cores-MidiaPopArte-40x60-60x90-80x120-100x1500cm-thumb.png","datePublished":"2021-07-29T22:08:10+00:00","dateModified":"2022-09-08T21:58:46+00:00","description":"Quadro abstrato colorido grande para sala de estar, salas, quartos e escrit\u00f3rios. Quadros decorativos tem\u00e1tica abstrata com chassis e moldura","breadcrumb":{"@id":"https:\/\/midiapoparte.com.br\/loja\/produto\/quadro-abstrato-colorido-grande\/#breadcrumb"},"inLanguage":"pt-BR","potentialAction":[{"@type":"ReadAction","target":["https:\/\/midiapoparte.com.br\/loja\/produto\/quadro-abstrato-colorido-grande\/"]}]},{"@type":"ImageObject","inLanguage":"pt-BR","@id":"https:\/\/midiapoparte.com.br\/loja\/produto\/quadro-abstrato-colorido-grande\/#primaryimage","url":"https:\/\/midiapoparte.com.br\/loja\/wp-content\/uploads\/2021\/07\/QDMCV00400-Quadros-decorativos-premium-Abstrato-mistura-de-cores-MidiaPopArte-40x60-60x90-80x120-100x1500cm-thumb.png","contentUrl":"https:\/\/midiapoparte.com.br\/loja\/wp-content\/uploads\/2021\/07\/QDMCV00400-Quadros-decorativos-premium-Abstrato-mistura-de-cores-MidiaPopArte-40x60-60x90-80x120-100x1500cm-thumb.png","width":600,"height":574,"caption":"Quadro abstrato colorido grande para sala de estar, salas, quartos e escrit\u00f3rios. Combina perfeitamente em ambientes modernos e elegantes."},{"@type":"BreadcrumbList","@id":"https:\/\/midiapoparte.com.br\/loja\/produto\/quadro-abstrato-colorido-grande\/#breadcrumb","itemListElement":[{"@type":"ListItem","position":1,"name":"Home","item":"https:\/\/midiapoparte.com.br\/loja\/"},{"@type":"ListItem","position":2,"name":"Loja","item":"https:\/\/midiapoparte.com.br\/loja\/loja\/"},{"@type":"ListItem","position":3,"name":"Quadro decorativo Abstrato Mistura de Cores"}]},{"@type":"WebSite","@id":"https:\/\/midiapoparte.com.br\/loja\/#website","url":"https:\/\/midiapoparte.com.br\/loja\/","name":"MIDIAPOPARTE","description":"Loja Online de Quadros Decorativos Exclusivos","publisher":{"@id":"https:\/\/midiapoparte.com.br\/loja\/#organization"},"potentialAction":[{"@type":"SearchAction","target":{"@type":"EntryPoint","urlTemplate":"https:\/\/midiapoparte.com.br\/loja\/?s={search_term_string}"},"query-input":{"@type":"PropertyValueSpecification","valueRequired":true,"valueName":"search_term_string"}}],"inLanguage":"pt-BR"},{"@type":"Organization","@id":"https:\/\/midiapoparte.com.br\/loja\/#organization","name":"MidiaPopArte - Loja online de quadros decorativos exclusivos","url":"https:\/\/midiapoparte.com.br\/loja\/","logo":{"@type":"ImageObject","inLanguage":"pt-BR","@id":"https:\/\/midiapoparte.com.br\/loja\/#\/schema\/logo\/image\/","url":"https:\/\/midiapoparte.com.br\/loja\/wp-content\/uploads\/2021\/07\/logotipo-midiapoparte-novo-1.png","contentUrl":"https:\/\/midiapoparte.com.br\/loja\/wp-content\/uploads\/2021\/07\/logotipo-midiapoparte-novo-1.png","width":200,"height":33,"caption":"MidiaPopArte - Loja online de quadros decorativos exclusivos"},"image":{"@id":"https:\/\/midiapoparte.com.br\/loja\/#\/schema\/logo\/image\/"},"sameAs":["https:\/\/www.facebook.com\/midiaprintnet"]}]},"og_availability":"instock","product_availability":"instock","product_retailer_item_id":"QDMCV00400","product_condition":"new"},"_links":{"self":[{"href":"https:\/\/midiapoparte.com.br\/loja\/wp-json\/wp\/v2\/product\/1788","targetHints":{"allow":["GET"]}}],"collection":[{"href":"https:\/\/midiapoparte.com.br\/loja\/wp-json\/wp\/v2\/product"}],"about":[{"href":"https:\/\/midiapoparte.com.br\/loja\/wp-json\/wp\/v2\/types\/product"}],"replies":[{"embeddable":true,"href":"https:\/\/midiapoparte.com.br\/loja\/wp-json\/wp\/v2\/comments?post=1788"}],"wp:featuredmedia":[{"embeddable":true,"href":"https:\/\/midiapoparte.com.br\/loja\/wp-json\/wp\/v2\/media\/1803"}],"wp:attachment":[{"href":"https:\/\/midiapoparte.com.br\/loja\/wp-json\/wp\/v2\/media?parent=1788"}],"wp:term":[{"taxonomy":"product_brand","embeddable":true,"href":"https:\/\/midiapoparte.com.br\/loja\/wp-json\/wp\/v2\/product_brand?post=1788"},{"taxonomy":"product_cat","embeddable":true,"href":"https:\/\/midiapoparte.com.br\/loja\/wp-json\/wp\/v2\/product_cat?post=1788"},{"taxonomy":"product_tag","embeddable":true,"href":"https:\/\/midiapoparte.com.br\/loja\/wp-json\/wp\/v2\/product_tag?post=1788"}],"curies":[{"name":"wp","href":"https:\/\/api.w.org\/{rel}","templated":true}]}}