{"id":4088,"date":"2021-08-27T13:30:07","date_gmt":"2021-08-27T16:30:07","guid":{"rendered":"https:\/\/midiapoparte.com.br\/loja\/?post_type=product&#038;p=4088"},"modified":"2022-10-28T14:32:17","modified_gmt":"2022-10-28T17:32:17","slug":"quadro-decorativo-canvas-mulher-negra-dourado","status":"publish","type":"product","link":"https:\/\/midiapoparte.com.br\/loja\/produto\/quadro-decorativo-canvas-mulher-negra-dourado\/","title":{"rendered":"Quadro decorativo canvas Mulher negra maquiagem dourada ll"},"content":{"rendered":"<h1>Quadro negra com dourado<\/h1>\n<p><strong>Quadro negra com dourado <\/strong>elegante e moderno para ambientes sofisticados. Este <strong>quadro decorativo de mulher negra com dourado<\/strong>, est\u00e1 dispon\u00edvel em duas vers\u00f5es: canvas e chassis de madeira de eucalipto e canvas com moldura canaleta (branca, preta, tons de madeira).<\/p>\n<h2>Quadros decorativos em tela canvas<\/h2>\n<p><a href=\"https:\/\/midiapoparte.com.br\/loja\/quadros-decorativos-canvas-modernos-elegantes\/\" target=\"_blank\" rel=\"noopener\"><strong>Quadros decorativos em tela canvas<\/strong><\/a> ou simplesmente telas decorativos em canvas, a mesma usada em telas expostas em galerias de arte no mundo todo s\u00e3o confeccionadas a partir da impress\u00e3o digital em alta defini\u00e7\u00e3o em tela ou tecido canvas original (material premium 100% algod\u00e3o) esticado sobre chassis de madeira de eucalipto de 3,4 cm de espessura bastante resistente e rigorosamente alinhados.\u00a0 Essa op\u00e7\u00e3o \u00e9 bastante elegante e muito requisitada no segmento de decora\u00e7\u00e3o. <a href=\"https:\/\/midiaprint.net\/impressao-em-tecido-canvas-em-sp\/\" target=\"_blank\" rel=\"noopener\">Saiba mais sobre impress\u00e3o em tela canvas.<\/a><\/p>\n<h2>Quadros decorativos fashion dourado fine art em tela canvas com moldura canaleta<\/h2>\n<p>Op\u00e7\u00e3o de decora\u00e7\u00e3o luxo com telas decorativas para ambientes modernos, elegantes e sofisticados. Al\u00e9m da op\u00e7\u00e3o de telas com apenas o chassis de madeira em eucalipto, temos a op\u00e7\u00e3o com moldura canaleta em tr\u00eas vers\u00f5es: branca, preta e tons de madeira. As molduras d\u00e3o um toque mais sofisticado no acabamento e agregam valor no acabamento. A moldura canaleta aumenta a \u00e1rea do quadro em 3 cm a mais em cada lado e tem 3 cm de espessura ou profundidade.<\/p>\n<h3>Acabamento em Verniz UV<\/h3>\n<p>Tanto a op\u00e7\u00e3o de quadro em chassis de madeira (tela + canvas) bem como os quadros com moldura (tela + chassis + molduras) contam com um acabamento extra. Toda a nossa linha de quadros decorativos, al\u00e9m de uma impress\u00e3o de alt\u00edssima qualidade sobre o tecido canvas, recebem uma camada extra de verniz UV sobre a tela, dando mais vida para a imagem impressa e aumentando ainda mais sua durabilidade. Esse acabamento \u00e9 exclusivo da nossa linha de <strong>quadros decorativos MidiaPopArte.<\/strong><\/p>\n<p>&nbsp;<\/p>\n<p style=\"text-align: center;\"><img fetchpriority=\"high\" decoding=\"async\" class=\"alignnone wp-image-1027\" src=\"https:\/\/midiapoparte.com.br\/loja\/wp-content\/uploads\/2021\/07\/teaser-moldura_01-300x300.png\" alt=\"\" width=\"530\" height=\"529\" srcset=\"https:\/\/midiapoparte.com.br\/loja\/wp-content\/uploads\/2021\/07\/teaser-moldura_01-300x300.png 300w, https:\/\/midiapoparte.com.br\/loja\/wp-content\/uploads\/2021\/07\/teaser-moldura_01-150x150.png 150w, https:\/\/midiapoparte.com.br\/loja\/wp-content\/uploads\/2021\/07\/teaser-moldura_01-400x400.png 400w, https:\/\/midiapoparte.com.br\/loja\/wp-content\/uploads\/2021\/07\/teaser-moldura_01-100x100.png 100w, https:\/\/midiapoparte.com.br\/loja\/wp-content\/uploads\/2021\/07\/teaser-moldura_01.png 500w\" sizes=\"(max-width: 530px) 100vw, 530px\" \/> <img decoding=\"async\" class=\"alignnone wp-image-1028\" src=\"https:\/\/midiapoparte.com.br\/loja\/wp-content\/uploads\/2021\/07\/teaser-moldura_02-300x300.png\" alt=\"\" width=\"530\" height=\"530\" srcset=\"https:\/\/midiapoparte.com.br\/loja\/wp-content\/uploads\/2021\/07\/teaser-moldura_02-300x300.png 300w, https:\/\/midiapoparte.com.br\/loja\/wp-content\/uploads\/2021\/07\/teaser-moldura_02-150x150.png 150w, https:\/\/midiapoparte.com.br\/loja\/wp-content\/uploads\/2021\/07\/teaser-moldura_02-400x400.png 400w, https:\/\/midiapoparte.com.br\/loja\/wp-content\/uploads\/2021\/07\/teaser-moldura_02-100x100.png 100w, https:\/\/midiapoparte.com.br\/loja\/wp-content\/uploads\/2021\/07\/teaser-moldura_02.png 500w\" sizes=\"(max-width: 530px) 100vw, 530px\" \/> <img decoding=\"async\" class=\"alignnone wp-image-1029\" src=\"https:\/\/midiapoparte.com.br\/loja\/wp-content\/uploads\/2021\/07\/teaser-moldura_03-300x300.png\" alt=\"\" width=\"530\" height=\"531\" srcset=\"https:\/\/midiapoparte.com.br\/loja\/wp-content\/uploads\/2021\/07\/teaser-moldura_03-300x300.png 300w, https:\/\/midiapoparte.com.br\/loja\/wp-content\/uploads\/2021\/07\/teaser-moldura_03-150x150.png 150w, https:\/\/midiapoparte.com.br\/loja\/wp-content\/uploads\/2021\/07\/teaser-moldura_03-400x400.png 400w, https:\/\/midiapoparte.com.br\/loja\/wp-content\/uploads\/2021\/07\/teaser-moldura_03-100x100.png 100w, https:\/\/midiapoparte.com.br\/loja\/wp-content\/uploads\/2021\/07\/teaser-moldura_03.png 500w\" sizes=\"(max-width: 530px) 100vw, 530px\" \/> <img loading=\"lazy\" decoding=\"async\" class=\"alignnone wp-image-1030\" src=\"https:\/\/midiapoparte.com.br\/loja\/wp-content\/uploads\/2021\/07\/teaser-moldura_04-300x300.png\" alt=\"\" width=\"530\" height=\"530\" srcset=\"https:\/\/midiapoparte.com.br\/loja\/wp-content\/uploads\/2021\/07\/teaser-moldura_04-300x300.png 300w, https:\/\/midiapoparte.com.br\/loja\/wp-content\/uploads\/2021\/07\/teaser-moldura_04-150x150.png 150w, https:\/\/midiapoparte.com.br\/loja\/wp-content\/uploads\/2021\/07\/teaser-moldura_04-400x400.png 400w, https:\/\/midiapoparte.com.br\/loja\/wp-content\/uploads\/2021\/07\/teaser-moldura_04-100x100.png 100w, https:\/\/midiapoparte.com.br\/loja\/wp-content\/uploads\/2021\/07\/teaser-moldura_04.png 500w\" sizes=\"(max-width: 530px) 100vw, 530px\" \/><\/p>\n","protected":false},"excerpt":{"rendered":"<p>Este <strong>quadro decorativo fashion feminino em tons em dourado<\/strong>, est\u00e1 dispon\u00edvel em duas vers\u00f5es: tela + canvas ou tela + canvas + moldura. <strong>Quadro decorativo em tela canvas original 100% algod\u00e3o com acabamento em verniz UV<\/strong>, uma exclusividade da linha de <strong>quadros decorativos MidiaPopArte.<\/strong><\/p>\n","protected":false},"featured_media":4107,"comment_status":"open","ping_status":"closed","template":"","meta":[],"product_brand":[],"product_cat":[16,44,151],"product_tag":[],"class_list":{"0":"post-4088","1":"product","2":"type-product","3":"status-publish","4":"has-post-thumbnail","6":"product_cat-quadros-decorativos","7":"product_cat-diversos","8":"product_cat-luxury-gold-quadros-decorativos","10":"first","11":"instock","12":"taxable","13":"shipping-taxable","14":"purchasable","15":"product-type-variable","16":"rtwpvs-product"},"yoast_head":"<!-- This site is optimized with the Yoast SEO Premium plugin v25.6 (Yoast SEO v27.0) - https:\/\/yoast.com\/product\/yoast-seo-premium-wordpress\/ -->\n<title>Quadro negra com dourado - Tela decorativa maquiagem dourada<\/title>\n<meta name=\"description\" content=\"Quadro negra com dourado, quadros decorativos fashion dourado, op\u00e7\u00e3o de decora\u00e7\u00e3o luxo, tela decorativa elegante e sofisticado chassi moldura\" \/>\n<meta name=\"robots\" content=\"index, follow, max-snippet:-1, max-image-preview:large, max-video-preview:-1\" \/>\n<link rel=\"canonical\" href=\"https:\/\/midiapoparte.com.br\/loja\/produto\/quadro-decorativo-canvas-mulher-negra-dourado\/\" \/>\n<meta property=\"og:locale\" content=\"pt_BR\" \/>\n<meta property=\"og:type\" content=\"article\" \/>\n<meta property=\"og:title\" content=\"Quadro decorativo canvas Mulher negra maquiagem dourada ll\" \/>\n<meta property=\"og:description\" content=\"Quadro negra com dourado, quadros decorativos fashion dourado, op\u00e7\u00e3o de decora\u00e7\u00e3o luxo, tela decorativa elegante e sofisticado chassi moldura\" \/>\n<meta property=\"og:url\" content=\"https:\/\/midiapoparte.com.br\/loja\/produto\/quadro-decorativo-canvas-mulher-negra-dourado\/\" \/>\n<meta property=\"og:site_name\" content=\"MIDIAPOPARTE\" \/>\n<meta property=\"article:publisher\" content=\"https:\/\/www.facebook.com\/midiaprintnet\" \/>\n<meta property=\"article:modified_time\" content=\"2022-10-28T17:32:17+00:00\" \/>\n<meta property=\"og:image\" content=\"https:\/\/midiapoparte.com.br\/loja\/wp-content\/uploads\/2021\/08\/1QDMCV202110096-Quadro-decorativo-mulher-negra-maquiagem-dourada-ll-thumb.png\" \/>\n\t<meta property=\"og:image:width\" content=\"600\" \/>\n\t<meta property=\"og:image:height\" content=\"574\" \/>\n\t<meta property=\"og:image:type\" content=\"image\/png\" \/>\n<meta name=\"twitter:card\" content=\"summary_large_image\" \/>\n<meta name=\"twitter:label1\" content=\"Disponibilidade\" \/>\n\t<meta name=\"twitter:data1\" content=\"Em Estoque\" \/>\n<script type=\"application\/ld+json\" class=\"yoast-schema-graph\">{\"@context\":\"https:\/\/schema.org\",\"@graph\":[{\"@type\":\"WebPage\",\"@id\":\"https:\/\/midiapoparte.com.br\/loja\/produto\/quadro-decorativo-canvas-mulher-negra-dourado\/\",\"url\":\"https:\/\/midiapoparte.com.br\/loja\/produto\/quadro-decorativo-canvas-mulher-negra-dourado\/\",\"name\":\"Quadro negra com dourado - Tela decorativa maquiagem dourada\",\"isPartOf\":{\"@id\":\"https:\/\/midiapoparte.com.br\/loja\/#website\"},\"primaryImageOfPage\":{\"@id\":\"https:\/\/midiapoparte.com.br\/loja\/produto\/quadro-decorativo-canvas-mulher-negra-dourado\/#primaryimage\"},\"image\":{\"@id\":\"https:\/\/midiapoparte.com.br\/loja\/produto\/quadro-decorativo-canvas-mulher-negra-dourado\/#primaryimage\"},\"thumbnailUrl\":\"https:\/\/midiapoparte.com.br\/loja\/wp-content\/uploads\/2021\/08\/1QDMCV202110096-Quadro-decorativo-mulher-negra-maquiagem-dourada-ll-thumb.png\",\"datePublished\":\"2021-08-27T16:30:07+00:00\",\"dateModified\":\"2022-10-28T17:32:17+00:00\",\"description\":\"Quadro negra com dourado, quadros decorativos fashion dourado, op\u00e7\u00e3o de decora\u00e7\u00e3o luxo, tela decorativa elegante e sofisticado chassi moldura\",\"breadcrumb\":{\"@id\":\"https:\/\/midiapoparte.com.br\/loja\/produto\/quadro-decorativo-canvas-mulher-negra-dourado\/#breadcrumb\"},\"inLanguage\":\"pt-BR\",\"potentialAction\":[{\"@type\":\"ReadAction\",\"target\":[\"https:\/\/midiapoparte.com.br\/loja\/produto\/quadro-decorativo-canvas-mulher-negra-dourado\/\"]}]},{\"@type\":\"ImageObject\",\"inLanguage\":\"pt-BR\",\"@id\":\"https:\/\/midiapoparte.com.br\/loja\/produto\/quadro-decorativo-canvas-mulher-negra-dourado\/#primaryimage\",\"url\":\"https:\/\/midiapoparte.com.br\/loja\/wp-content\/uploads\/2021\/08\/1QDMCV202110096-Quadro-decorativo-mulher-negra-maquiagem-dourada-ll-thumb.png\",\"contentUrl\":\"https:\/\/midiapoparte.com.br\/loja\/wp-content\/uploads\/2021\/08\/1QDMCV202110096-Quadro-decorativo-mulher-negra-maquiagem-dourada-ll-thumb.png\",\"width\":600,\"height\":574,\"caption\":\"Quadro decorativo de mulheres com tons em dourado\"},{\"@type\":\"BreadcrumbList\",\"@id\":\"https:\/\/midiapoparte.com.br\/loja\/produto\/quadro-decorativo-canvas-mulher-negra-dourado\/#breadcrumb\",\"itemListElement\":[{\"@type\":\"ListItem\",\"position\":1,\"name\":\"Home\",\"item\":\"https:\/\/midiapoparte.com.br\/loja\/\"},{\"@type\":\"ListItem\",\"position\":2,\"name\":\"Loja\",\"item\":\"https:\/\/midiapoparte.com.br\/loja\/loja\/\"},{\"@type\":\"ListItem\",\"position\":3,\"name\":\"Quadro decorativo canvas Mulher negra maquiagem dourada ll\"}]},{\"@type\":\"WebSite\",\"@id\":\"https:\/\/midiapoparte.com.br\/loja\/#website\",\"url\":\"https:\/\/midiapoparte.com.br\/loja\/\",\"name\":\"MIDIAPOPARTE\",\"description\":\"Loja Online de Quadros Decorativos Exclusivos\",\"publisher\":{\"@id\":\"https:\/\/midiapoparte.com.br\/loja\/#organization\"},\"potentialAction\":[{\"@type\":\"SearchAction\",\"target\":{\"@type\":\"EntryPoint\",\"urlTemplate\":\"https:\/\/midiapoparte.com.br\/loja\/?s={search_term_string}\"},\"query-input\":{\"@type\":\"PropertyValueSpecification\",\"valueRequired\":true,\"valueName\":\"search_term_string\"}}],\"inLanguage\":\"pt-BR\"},{\"@type\":\"Organization\",\"@id\":\"https:\/\/midiapoparte.com.br\/loja\/#organization\",\"name\":\"MidiaPopArte - Loja online de quadros decorativos exclusivos\",\"url\":\"https:\/\/midiapoparte.com.br\/loja\/\",\"logo\":{\"@type\":\"ImageObject\",\"inLanguage\":\"pt-BR\",\"@id\":\"https:\/\/midiapoparte.com.br\/loja\/#\/schema\/logo\/image\/\",\"url\":\"https:\/\/midiapoparte.com.br\/loja\/wp-content\/uploads\/2021\/07\/logotipo-midiapoparte-novo-1.png\",\"contentUrl\":\"https:\/\/midiapoparte.com.br\/loja\/wp-content\/uploads\/2021\/07\/logotipo-midiapoparte-novo-1.png\",\"width\":200,\"height\":33,\"caption\":\"MidiaPopArte - Loja online de quadros decorativos exclusivos\"},\"image\":{\"@id\":\"https:\/\/midiapoparte.com.br\/loja\/#\/schema\/logo\/image\/\"},\"sameAs\":[\"https:\/\/www.facebook.com\/midiaprintnet\"]}]}<\/script>\n<meta property=\"og:availability\" content=\"instock\" \/>\n<meta property=\"product:availability\" content=\"instock\" \/>\n<meta property=\"product:retailer_item_id\" content=\"1QDMCV202110096\" \/>\n<meta property=\"product:condition\" content=\"new\" \/>\n<!-- \/ Yoast SEO Premium plugin. -->","yoast_head_json":{"title":"Quadro negra com dourado - Tela decorativa maquiagem dourada","description":"Quadro negra com dourado, quadros decorativos fashion dourado, op\u00e7\u00e3o de decora\u00e7\u00e3o luxo, tela decorativa elegante e sofisticado chassi moldura","robots":{"index":"index","follow":"follow","max-snippet":"max-snippet:-1","max-image-preview":"max-image-preview:large","max-video-preview":"max-video-preview:-1"},"canonical":"https:\/\/midiapoparte.com.br\/loja\/produto\/quadro-decorativo-canvas-mulher-negra-dourado\/","og_locale":"pt_BR","og_type":"article","og_title":"Quadro decorativo canvas Mulher negra maquiagem dourada ll","og_description":"Quadro negra com dourado, quadros decorativos fashion dourado, op\u00e7\u00e3o de decora\u00e7\u00e3o luxo, tela decorativa elegante e sofisticado chassi moldura","og_url":"https:\/\/midiapoparte.com.br\/loja\/produto\/quadro-decorativo-canvas-mulher-negra-dourado\/","og_site_name":"MIDIAPOPARTE","article_publisher":"https:\/\/www.facebook.com\/midiaprintnet","article_modified_time":"2022-10-28T17:32:17+00:00","og_image":[{"width":600,"height":574,"url":"https:\/\/midiapoparte.com.br\/loja\/wp-content\/uploads\/2021\/08\/1QDMCV202110096-Quadro-decorativo-mulher-negra-maquiagem-dourada-ll-thumb.png","type":"image\/png"}],"twitter_card":"summary_large_image","twitter_misc":{"Disponibilidade":"Em Estoque"},"schema":{"@context":"https:\/\/schema.org","@graph":[{"@type":"WebPage","@id":"https:\/\/midiapoparte.com.br\/loja\/produto\/quadro-decorativo-canvas-mulher-negra-dourado\/","url":"https:\/\/midiapoparte.com.br\/loja\/produto\/quadro-decorativo-canvas-mulher-negra-dourado\/","name":"Quadro negra com dourado - Tela decorativa maquiagem dourada","isPartOf":{"@id":"https:\/\/midiapoparte.com.br\/loja\/#website"},"primaryImageOfPage":{"@id":"https:\/\/midiapoparte.com.br\/loja\/produto\/quadro-decorativo-canvas-mulher-negra-dourado\/#primaryimage"},"image":{"@id":"https:\/\/midiapoparte.com.br\/loja\/produto\/quadro-decorativo-canvas-mulher-negra-dourado\/#primaryimage"},"thumbnailUrl":"https:\/\/midiapoparte.com.br\/loja\/wp-content\/uploads\/2021\/08\/1QDMCV202110096-Quadro-decorativo-mulher-negra-maquiagem-dourada-ll-thumb.png","datePublished":"2021-08-27T16:30:07+00:00","dateModified":"2022-10-28T17:32:17+00:00","description":"Quadro negra com dourado, quadros decorativos fashion dourado, op\u00e7\u00e3o de decora\u00e7\u00e3o luxo, tela decorativa elegante e sofisticado chassi moldura","breadcrumb":{"@id":"https:\/\/midiapoparte.com.br\/loja\/produto\/quadro-decorativo-canvas-mulher-negra-dourado\/#breadcrumb"},"inLanguage":"pt-BR","potentialAction":[{"@type":"ReadAction","target":["https:\/\/midiapoparte.com.br\/loja\/produto\/quadro-decorativo-canvas-mulher-negra-dourado\/"]}]},{"@type":"ImageObject","inLanguage":"pt-BR","@id":"https:\/\/midiapoparte.com.br\/loja\/produto\/quadro-decorativo-canvas-mulher-negra-dourado\/#primaryimage","url":"https:\/\/midiapoparte.com.br\/loja\/wp-content\/uploads\/2021\/08\/1QDMCV202110096-Quadro-decorativo-mulher-negra-maquiagem-dourada-ll-thumb.png","contentUrl":"https:\/\/midiapoparte.com.br\/loja\/wp-content\/uploads\/2021\/08\/1QDMCV202110096-Quadro-decorativo-mulher-negra-maquiagem-dourada-ll-thumb.png","width":600,"height":574,"caption":"Quadro decorativo de mulheres com tons em dourado"},{"@type":"BreadcrumbList","@id":"https:\/\/midiapoparte.com.br\/loja\/produto\/quadro-decorativo-canvas-mulher-negra-dourado\/#breadcrumb","itemListElement":[{"@type":"ListItem","position":1,"name":"Home","item":"https:\/\/midiapoparte.com.br\/loja\/"},{"@type":"ListItem","position":2,"name":"Loja","item":"https:\/\/midiapoparte.com.br\/loja\/loja\/"},{"@type":"ListItem","position":3,"name":"Quadro decorativo canvas Mulher negra maquiagem dourada ll"}]},{"@type":"WebSite","@id":"https:\/\/midiapoparte.com.br\/loja\/#website","url":"https:\/\/midiapoparte.com.br\/loja\/","name":"MIDIAPOPARTE","description":"Loja Online de Quadros Decorativos Exclusivos","publisher":{"@id":"https:\/\/midiapoparte.com.br\/loja\/#organization"},"potentialAction":[{"@type":"SearchAction","target":{"@type":"EntryPoint","urlTemplate":"https:\/\/midiapoparte.com.br\/loja\/?s={search_term_string}"},"query-input":{"@type":"PropertyValueSpecification","valueRequired":true,"valueName":"search_term_string"}}],"inLanguage":"pt-BR"},{"@type":"Organization","@id":"https:\/\/midiapoparte.com.br\/loja\/#organization","name":"MidiaPopArte - Loja online de quadros decorativos exclusivos","url":"https:\/\/midiapoparte.com.br\/loja\/","logo":{"@type":"ImageObject","inLanguage":"pt-BR","@id":"https:\/\/midiapoparte.com.br\/loja\/#\/schema\/logo\/image\/","url":"https:\/\/midiapoparte.com.br\/loja\/wp-content\/uploads\/2021\/07\/logotipo-midiapoparte-novo-1.png","contentUrl":"https:\/\/midiapoparte.com.br\/loja\/wp-content\/uploads\/2021\/07\/logotipo-midiapoparte-novo-1.png","width":200,"height":33,"caption":"MidiaPopArte - Loja online de quadros decorativos exclusivos"},"image":{"@id":"https:\/\/midiapoparte.com.br\/loja\/#\/schema\/logo\/image\/"},"sameAs":["https:\/\/www.facebook.com\/midiaprintnet"]}]},"og_availability":"instock","product_availability":"instock","product_retailer_item_id":"1QDMCV202110096","product_condition":"new"},"_links":{"self":[{"href":"https:\/\/midiapoparte.com.br\/loja\/wp-json\/wp\/v2\/product\/4088","targetHints":{"allow":["GET"]}}],"collection":[{"href":"https:\/\/midiapoparte.com.br\/loja\/wp-json\/wp\/v2\/product"}],"about":[{"href":"https:\/\/midiapoparte.com.br\/loja\/wp-json\/wp\/v2\/types\/product"}],"replies":[{"embeddable":true,"href":"https:\/\/midiapoparte.com.br\/loja\/wp-json\/wp\/v2\/comments?post=4088"}],"wp:featuredmedia":[{"embeddable":true,"href":"https:\/\/midiapoparte.com.br\/loja\/wp-json\/wp\/v2\/media\/4107"}],"wp:attachment":[{"href":"https:\/\/midiapoparte.com.br\/loja\/wp-json\/wp\/v2\/media?parent=4088"}],"wp:term":[{"taxonomy":"product_brand","embeddable":true,"href":"https:\/\/midiapoparte.com.br\/loja\/wp-json\/wp\/v2\/product_brand?post=4088"},{"taxonomy":"product_cat","embeddable":true,"href":"https:\/\/midiapoparte.com.br\/loja\/wp-json\/wp\/v2\/product_cat?post=4088"},{"taxonomy":"product_tag","embeddable":true,"href":"https:\/\/midiapoparte.com.br\/loja\/wp-json\/wp\/v2\/product_tag?post=4088"}],"curies":[{"name":"wp","href":"https:\/\/api.w.org\/{rel}","templated":true}]}}